{"id":1087,"date":"2021-01-05T16:19:33","date_gmt":"2021-01-05T13:19:33","guid":{"rendered":"https:\/\/webrandizer.com\/tr\/?page_id=1087"},"modified":"2024-08-05T14:47:46","modified_gmt":"2024-08-05T11:47:46","slug":"anasayfa","status":"publish","type":"page","link":"https:\/\/webrandizer.com\/tr\/","title":{"rendered":"Webrandizer"},"content":{"rendered":"","protected":false},"excerpt":{"rendered":"","protected":false},"author":1,"featured_media":2303,"parent":0,"menu_order":0,"comment_status":"closed","ping_status":"closed","template":"page-anasayfa.php","meta":{"inline_featured_image":false,"footnotes":""},"class_list":["post-1087","page","type-page","status-publish","has-post-thumbnail","hentry"],"yoast_head":"<!-- This site is optimized with the Yoast SEO plugin v27.4 - https:\/\/yoast.com\/product\/yoast-seo-wordpress\/ -->\n<title>Webrandizer - \u0130\u015finizi \u0130nternete Ta\u015f\u0131y\u0131n!<\/title>\n<meta name=\"description\" content=\"\u0130\u015fini internete ta\u015f\u0131mak ve internetteki i\u015fini b\u00fcy\u00fctmek isteyenler i\u00e7in, geni\u015f bir yelpazede web tasar\u0131m ve dijital medya hizmetleri sunuyoruz.\" \/>\n<meta name=\"robots\" content=\"index, follow, max-snippet:-1, max-image-preview:large, max-video-preview:-1\" \/>\n<link rel=\"canonical\" href=\"https:\/\/webrandizer.com\/tr\/\" \/>\n<meta property=\"og:locale\" content=\"tr_TR\" \/>\n<meta property=\"og:type\" content=\"article\" \/>\n<meta property=\"og:title\" content=\"\u0130\u015finizi \u0130nternete Ta\u015f\u0131y\u0131n!\" \/>\n<meta property=\"og:description\" content=\"\u0130\u015finizi internete ta\u015f\u0131mak i\u00e7in, yerel rehberler, web siteleri, mobil uygulamalar ve sosyal medya ba\u015fta olmak \u00fczere \u00e7ok say\u0131da se\u00e7ene\u011finiz var. Size en uygun olanlar\u0131 belirleyip, fark yaratmak i\u00e7in birlikte harekete ge\u00e7elim.\" \/>\n<meta property=\"og:url\" content=\"https:\/\/webrandizer.com\/tr\/\" \/>\n<meta property=\"og:site_name\" content=\"Webrandizer TR\" \/>\n<meta property=\"article:publisher\" content=\"https:\/\/facebook.com\/webrandizer\" \/>\n<meta property=\"article:modified_time\" content=\"2024-08-05T11:47:46+00:00\" \/>\n<meta property=\"og:image\" content=\"http:\/\/webrandizer.com\/tr\/wp-content\/uploads\/sites\/2\/2021\/03\/Isinizi-Internete-Tasiyin.png\" \/>\n\t<meta property=\"og:image:width\" content=\"720\" \/>\n\t<meta property=\"og:image:height\" content=\"377\" \/>\n\t<meta property=\"og:image:type\" content=\"image\/png\" \/>\n<meta name=\"twitter:card\" content=\"summary_large_image\" \/>\n<meta name=\"twitter:title\" content=\"\u0130\u015finizi \u0130nternete Ta\u015f\u0131y\u0131n!\" \/>\n<meta name=\"twitter:description\" content=\"\u0130\u015finizi internete ta\u015f\u0131mak i\u00e7in, yerel rehberler, web siteleri, mobil uygulamalar ve sosyal medya ba\u015fta olmak \u00fczere \u00e7ok say\u0131da se\u00e7ene\u011finiz var. Size en uygun olanlar\u0131 belirleyip, fark yaratmak i\u00e7in birlikte harekete ge\u00e7elim.\" \/>\n<meta name=\"twitter:image\" content=\"https:\/\/i0.wp.com\/webrandizer.com\/tr\/wp-content\/uploads\/sites\/2\/2021\/03\/Isinizi-Internete-Tasiyin.png?fit=720%2C377&ssl=1\" \/>\n<meta name=\"twitter:site\" content=\"@webrandizer\" \/>\n<meta name=\"twitter:label1\" content=\"Tahmini okuma s\u00fcresi\" \/>\n\t<meta name=\"twitter:data1\" content=\"1 dakika\" \/>\n<script type=\"application\/ld+json\" class=\"yoast-schema-graph\">{\"@context\":\"https:\\\/\\\/schema.org\",\"@graph\":[{\"@type\":\"WebPage\",\"@id\":\"https:\\\/\\\/webrandizer.com\\\/tr\\\/\",\"url\":\"https:\\\/\\\/webrandizer.com\\\/tr\\\/\",\"name\":\"Webrandizer - \u0130\u015finizi \u0130nternete Ta\u015f\u0131y\u0131n!\",\"isPartOf\":{\"@id\":\"https:\\\/\\\/webrandizer.com\\\/tr\\\/#website\"},\"primaryImageOfPage\":{\"@id\":\"https:\\\/\\\/webrandizer.com\\\/tr\\\/#primaryimage\"},\"image\":{\"@id\":\"https:\\\/\\\/webrandizer.com\\\/tr\\\/#primaryimage\"},\"thumbnailUrl\":\"https:\\\/\\\/i0.wp.com\\\/webrandizer.com\\\/tr\\\/wp-content\\\/uploads\\\/sites\\\/2\\\/2024\\\/08\\\/webrandizer.png?fit=1000%2C1000&ssl=1\",\"datePublished\":\"2021-01-05T13:19:33+00:00\",\"dateModified\":\"2024-08-05T11:47:46+00:00\",\"description\":\"\u0130\u015fini internete ta\u015f\u0131mak ve internetteki i\u015fini b\u00fcy\u00fctmek isteyenler i\u00e7in, geni\u015f bir yelpazede web tasar\u0131m ve dijital medya hizmetleri sunuyoruz.\",\"breadcrumb\":{\"@id\":\"https:\\\/\\\/webrandizer.com\\\/tr\\\/#breadcrumb\"},\"inLanguage\":\"tr\",\"potentialAction\":[{\"@type\":\"ReadAction\",\"target\":[\"https:\\\/\\\/webrandizer.com\\\/tr\\\/\"]}]},{\"@type\":\"ImageObject\",\"inLanguage\":\"tr\",\"@id\":\"https:\\\/\\\/webrandizer.com\\\/tr\\\/#primaryimage\",\"url\":\"https:\\\/\\\/i0.wp.com\\\/webrandizer.com\\\/tr\\\/wp-content\\\/uploads\\\/sites\\\/2\\\/2024\\\/08\\\/webrandizer.png?fit=1000%2C1000&ssl=1\",\"contentUrl\":\"https:\\\/\\\/i0.wp.com\\\/webrandizer.com\\\/tr\\\/wp-content\\\/uploads\\\/sites\\\/2\\\/2024\\\/08\\\/webrandizer.png?fit=1000%2C1000&ssl=1\",\"width\":1000,\"height\":1000,\"caption\":\"Webrandizer, i\u015fini internete ta\u015f\u0131mak ve internetteki i\u015fini b\u00fcy\u00fctmek isteyenler i\u00e7in geni\u015f bir yelpaze i\u00e7erisinde web tasar\u0131m ve dijital medya hizmetleri sunmaktad\u0131r.\"},{\"@type\":\"BreadcrumbList\",\"@id\":\"https:\\\/\\\/webrandizer.com\\\/tr\\\/#breadcrumb\",\"itemListElement\":[{\"@type\":\"ListItem\",\"position\":1,\"name\":\"Webrandizer\",\"item\":\"https:\\\/\\\/webrandizer.com\\\/tr\\\/\"},{\"@type\":\"ListItem\",\"position\":2,\"name\":\"Webrandizer\"}]},{\"@type\":\"WebSite\",\"@id\":\"https:\\\/\\\/webrandizer.com\\\/tr\\\/#website\",\"url\":\"https:\\\/\\\/webrandizer.com\\\/tr\\\/\",\"name\":\"Webrandizer\",\"description\":\"\u0130\u015finizi \u0130nternete Ta\u015f\u0131y\u0131n\",\"publisher\":{\"@id\":\"https:\\\/\\\/webrandizer.com\\\/tr\\\/#organization\"},\"alternateName\":\"Webrandizer\",\"potentialAction\":[{\"@type\":\"SearchAction\",\"target\":{\"@type\":\"EntryPoint\",\"urlTemplate\":\"https:\\\/\\\/webrandizer.com\\\/tr\\\/?s={search_term_string}\"},\"query-input\":{\"@type\":\"PropertyValueSpecification\",\"valueRequired\":true,\"valueName\":\"search_term_string\"}}],\"inLanguage\":\"tr\"},{\"@type\":\"Organization\",\"@id\":\"https:\\\/\\\/webrandizer.com\\\/tr\\\/#organization\",\"name\":\"Webrandizer\",\"alternateName\":\"Webrandizer\",\"url\":\"https:\\\/\\\/webrandizer.com\\\/tr\\\/\",\"logo\":{\"@type\":\"ImageObject\",\"inLanguage\":\"tr\",\"@id\":\"https:\\\/\\\/webrandizer.com\\\/tr\\\/#\\\/schema\\\/logo\\\/image\\\/\",\"url\":\"https:\\\/\\\/webrandizer.com\\\/tr\\\/wp-content\\\/uploads\\\/sites\\\/2\\\/2021\\\/02\\\/webrandizer.svg\",\"contentUrl\":\"https:\\\/\\\/webrandizer.com\\\/tr\\\/wp-content\\\/uploads\\\/sites\\\/2\\\/2021\\\/02\\\/webrandizer.svg\",\"width\":\"1024\",\"height\":\"1024\",\"caption\":\"Webrandizer\"},\"image\":{\"@id\":\"https:\\\/\\\/webrandizer.com\\\/tr\\\/#\\\/schema\\\/logo\\\/image\\\/\"},\"sameAs\":[\"https:\\\/\\\/facebook.com\\\/webrandizer\",\"https:\\\/\\\/x.com\\\/webrandizer\",\"https:\\\/\\\/instagram.com\\\/webrandizer\",\"https:\\\/\\\/www.linkedin.com\\\/company\\\/webrandizer\\\/\",\"https:\\\/\\\/www.pinterest.com\\\/webrandizer\\\/\",\"https:\\\/\\\/www.youtube.com\\\/channel\\\/UCINH9gD6NyDa4iNUofNqhTQ\",\"https:\\\/\\\/tr.wikipedia.org\\\/wiki\\\/Webrandizer\"]}]}<\/script>\n<!-- \/ Yoast SEO plugin. -->","yoast_head_json":{"title":"Webrandizer - \u0130\u015finizi \u0130nternete Ta\u015f\u0131y\u0131n!","description":"\u0130\u015fini internete ta\u015f\u0131mak ve internetteki i\u015fini b\u00fcy\u00fctmek isteyenler i\u00e7in, geni\u015f bir yelpazede web tasar\u0131m ve dijital medya hizmetleri sunuyoruz.","robots":{"index":"index","follow":"follow","max-snippet":"max-snippet:-1","max-image-preview":"max-image-preview:large","max-video-preview":"max-video-preview:-1"},"canonical":"https:\/\/webrandizer.com\/tr\/","og_locale":"tr_TR","og_type":"article","og_title":"\u0130\u015finizi \u0130nternete Ta\u015f\u0131y\u0131n!","og_description":"\u0130\u015finizi internete ta\u015f\u0131mak i\u00e7in, yerel rehberler, web siteleri, mobil uygulamalar ve sosyal medya ba\u015fta olmak \u00fczere \u00e7ok say\u0131da se\u00e7ene\u011finiz var. Size en uygun olanlar\u0131 belirleyip, fark yaratmak i\u00e7in birlikte harekete ge\u00e7elim.","og_url":"https:\/\/webrandizer.com\/tr\/","og_site_name":"Webrandizer TR","article_publisher":"https:\/\/facebook.com\/webrandizer","article_modified_time":"2024-08-05T11:47:46+00:00","og_image":[{"width":720,"height":377,"url":"http:\/\/webrandizer.com\/tr\/wp-content\/uploads\/sites\/2\/2021\/03\/Isinizi-Internete-Tasiyin.png","type":"image\/png"}],"twitter_card":"summary_large_image","twitter_title":"\u0130\u015finizi \u0130nternete Ta\u015f\u0131y\u0131n!","twitter_description":"\u0130\u015finizi internete ta\u015f\u0131mak i\u00e7in, yerel rehberler, web siteleri, mobil uygulamalar ve sosyal medya ba\u015fta olmak \u00fczere \u00e7ok say\u0131da se\u00e7ene\u011finiz var. Size en uygun olanlar\u0131 belirleyip, fark yaratmak i\u00e7in birlikte harekete ge\u00e7elim.","twitter_image":"https:\/\/i0.wp.com\/webrandizer.com\/tr\/wp-content\/uploads\/sites\/2\/2021\/03\/Isinizi-Internete-Tasiyin.png?fit=720%2C377&ssl=1","twitter_site":"@webrandizer","twitter_misc":{"Tahmini okuma s\u00fcresi":"1 dakika"},"schema":{"@context":"https:\/\/schema.org","@graph":[{"@type":"WebPage","@id":"https:\/\/webrandizer.com\/tr\/","url":"https:\/\/webrandizer.com\/tr\/","name":"Webrandizer - \u0130\u015finizi \u0130nternete Ta\u015f\u0131y\u0131n!","isPartOf":{"@id":"https:\/\/webrandizer.com\/tr\/#website"},"primaryImageOfPage":{"@id":"https:\/\/webrandizer.com\/tr\/#primaryimage"},"image":{"@id":"https:\/\/webrandizer.com\/tr\/#primaryimage"},"thumbnailUrl":"https:\/\/i0.wp.com\/webrandizer.com\/tr\/wp-content\/uploads\/sites\/2\/2024\/08\/webrandizer.png?fit=1000%2C1000&ssl=1","datePublished":"2021-01-05T13:19:33+00:00","dateModified":"2024-08-05T11:47:46+00:00","description":"\u0130\u015fini internete ta\u015f\u0131mak ve internetteki i\u015fini b\u00fcy\u00fctmek isteyenler i\u00e7in, geni\u015f bir yelpazede web tasar\u0131m ve dijital medya hizmetleri sunuyoruz.","breadcrumb":{"@id":"https:\/\/webrandizer.com\/tr\/#breadcrumb"},"inLanguage":"tr","potentialAction":[{"@type":"ReadAction","target":["https:\/\/webrandizer.com\/tr\/"]}]},{"@type":"ImageObject","inLanguage":"tr","@id":"https:\/\/webrandizer.com\/tr\/#primaryimage","url":"https:\/\/i0.wp.com\/webrandizer.com\/tr\/wp-content\/uploads\/sites\/2\/2024\/08\/webrandizer.png?fit=1000%2C1000&ssl=1","contentUrl":"https:\/\/i0.wp.com\/webrandizer.com\/tr\/wp-content\/uploads\/sites\/2\/2024\/08\/webrandizer.png?fit=1000%2C1000&ssl=1","width":1000,"height":1000,"caption":"Webrandizer, i\u015fini internete ta\u015f\u0131mak ve internetteki i\u015fini b\u00fcy\u00fctmek isteyenler i\u00e7in geni\u015f bir yelpaze i\u00e7erisinde web tasar\u0131m ve dijital medya hizmetleri sunmaktad\u0131r."},{"@type":"BreadcrumbList","@id":"https:\/\/webrandizer.com\/tr\/#breadcrumb","itemListElement":[{"@type":"ListItem","position":1,"name":"Webrandizer","item":"https:\/\/webrandizer.com\/tr\/"},{"@type":"ListItem","position":2,"name":"Webrandizer"}]},{"@type":"WebSite","@id":"https:\/\/webrandizer.com\/tr\/#website","url":"https:\/\/webrandizer.com\/tr\/","name":"Webrandizer","description":"\u0130\u015finizi \u0130nternete Ta\u015f\u0131y\u0131n","publisher":{"@id":"https:\/\/webrandizer.com\/tr\/#organization"},"alternateName":"Webrandizer","potentialAction":[{"@type":"SearchAction","target":{"@type":"EntryPoint","urlTemplate":"https:\/\/webrandizer.com\/tr\/?s={search_term_string}"},"query-input":{"@type":"PropertyValueSpecification","valueRequired":true,"valueName":"search_term_string"}}],"inLanguage":"tr"},{"@type":"Organization","@id":"https:\/\/webrandizer.com\/tr\/#organization","name":"Webrandizer","alternateName":"Webrandizer","url":"https:\/\/webrandizer.com\/tr\/","logo":{"@type":"ImageObject","inLanguage":"tr","@id":"https:\/\/webrandizer.com\/tr\/#\/schema\/logo\/image\/","url":"https:\/\/webrandizer.com\/tr\/wp-content\/uploads\/sites\/2\/2021\/02\/webrandizer.svg","contentUrl":"https:\/\/webrandizer.com\/tr\/wp-content\/uploads\/sites\/2\/2021\/02\/webrandizer.svg","width":"1024","height":"1024","caption":"Webrandizer"},"image":{"@id":"https:\/\/webrandizer.com\/tr\/#\/schema\/logo\/image\/"},"sameAs":["https:\/\/facebook.com\/webrandizer","https:\/\/x.com\/webrandizer","https:\/\/instagram.com\/webrandizer","https:\/\/www.linkedin.com\/company\/webrandizer\/","https:\/\/www.pinterest.com\/webrandizer\/","https:\/\/www.youtube.com\/channel\/UCINH9gD6NyDa4iNUofNqhTQ","https:\/\/tr.wikipedia.org\/wiki\/Webrandizer"]}]}},"jetpack_sharing_enabled":true,"_links":{"self":[{"href":"https:\/\/webrandizer.com\/tr\/wp-json\/wp\/v2\/pages\/1087","targetHints":{"allow":["GET"]}}],"collection":[{"href":"https:\/\/webrandizer.com\/tr\/wp-json\/wp\/v2\/pages"}],"about":[{"href":"https:\/\/webrandizer.com\/tr\/wp-json\/wp\/v2\/types\/page"}],"author":[{"embeddable":true,"href":"https:\/\/webrandizer.com\/tr\/wp-json\/wp\/v2\/users\/1"}],"replies":[{"embeddable":true,"href":"https:\/\/webrandizer.com\/tr\/wp-json\/wp\/v2\/comments?post=1087"}],"version-history":[{"count":2,"href":"https:\/\/webrandizer.com\/tr\/wp-json\/wp\/v2\/pages\/1087\/revisions"}],"predecessor-version":[{"id":2022,"href":"https:\/\/webrandizer.com\/tr\/wp-json\/wp\/v2\/pages\/1087\/revisions\/2022"}],"wp:featuredmedia":[{"embeddable":true,"href":"https:\/\/webrandizer.com\/tr\/wp-json\/wp\/v2\/media\/2303"}],"wp:attachment":[{"href":"https:\/\/webrandizer.com\/tr\/wp-json\/wp\/v2\/media?parent=1087"}],"curies":[{"name":"wp","href":"https:\/\/api.w.org\/{rel}","templated":true}]}}