{"id":1463,"date":"2021-01-19T16:41:25","date_gmt":"2021-01-19T13:41:25","guid":{"rendered":"https:\/\/webrandizer.com\/tr\/?page_id=1463"},"modified":"2024-08-02T15:49:47","modified_gmt":"2024-08-02T12:49:47","slug":"iletisim","status":"publish","type":"page","link":"https:\/\/webrandizer.com\/tr\/iletisim\/","title":{"rendered":"\u0130leti\u015fim"},"content":{"rendered":"\n<h1 class=\"has-text-align-center has-large-font-size wp-block-heading\">Bize Yaz\u0131n, Size Hemen Geri D\u00f6nece\u011fiz.<\/h1>\n\n\n\n<div class=\"wp-block-contact-form-7-contact-form-selector\">\n<div class=\"wpcf7 no-js\" id=\"wpcf7-f865-o1\" lang=\"tr-TR\" dir=\"ltr\" data-wpcf7-id=\"865\">\n<div class=\"screen-reader-response\"><p role=\"status\" aria-live=\"polite\" aria-atomic=\"true\"><\/p> <ul><\/ul><\/div>\n<form action=\"\/tr\/wp-json\/wp\/v2\/pages\/1463#wpcf7-f865-o1\" method=\"post\" class=\"wpcf7-form init\" aria-label=\"\u0130leti\u015fim Formu\" novalidate=\"novalidate\" data-status=\"init\">\n<fieldset class=\"hidden-fields-container\"><input type=\"hidden\" name=\"_wpcf7\" value=\"865\" \/><input type=\"hidden\" name=\"_wpcf7_version\" value=\"6.1.5\" \/><input type=\"hidden\" name=\"_wpcf7_locale\" value=\"tr_TR\" \/><input type=\"hidden\" name=\"_wpcf7_unit_tag\" value=\"wpcf7-f865-o1\" \/><input type=\"hidden\" name=\"_wpcf7_container_post\" value=\"0\" \/><input type=\"hidden\" name=\"_wpcf7_posted_data_hash\" value=\"\" \/>\n<\/fieldset>\n<p><label><br \/>\n<span class=\"wpcf7-form-control-wrap\" data-name=\"your-name\"><input size=\"40\" maxlength=\"400\" class=\"wpcf7-form-control wpcf7-text wpcf7-validates-as-required\" aria-required=\"true\" aria-invalid=\"false\" placeholder=\"Ad\u0131n\u0131z-Soyad\u0131n\u0131z\" value=\"\" type=\"text\" name=\"your-name\" \/><\/span> <\/label>\n<\/p>\n<p><label><br \/>\n<span class=\"wpcf7-form-control-wrap\" data-name=\"text-206\"><input size=\"40\" maxlength=\"400\" class=\"wpcf7-form-control wpcf7-text\" aria-invalid=\"false\" placeholder=\"Firman\u0131z\" value=\"\" type=\"text\" name=\"text-206\" \/><\/span><\/label>\n<\/p>\n<p><label><br \/>\n<span class=\"wpcf7-form-control-wrap\" data-name=\"your-email\"><input size=\"40\" maxlength=\"400\" class=\"wpcf7-form-control wpcf7-email wpcf7-validates-as-required wpcf7-text wpcf7-validates-as-email\" aria-required=\"true\" aria-invalid=\"false\" placeholder=\"E-Posta Adresiniz\" value=\"\" type=\"email\" name=\"your-email\" \/><\/span> <\/label>\n<\/p>\n<p><label><br \/>\n<span class=\"wpcf7-form-control-wrap\" data-name=\"tel-552\"><input size=\"40\" maxlength=\"400\" class=\"wpcf7-form-control wpcf7-tel wpcf7-validates-as-required wpcf7-text wpcf7-validates-as-tel\" aria-required=\"true\" aria-invalid=\"false\" placeholder=\"Telefon Numaran\u0131z\" value=\"\" type=\"tel\" name=\"tel-552\" \/><\/span><\/label>\n<\/p>\n<p><label><br \/>\n<span class=\"wpcf7-form-control-wrap\" data-name=\"your-subject\"><input size=\"40\" maxlength=\"400\" class=\"wpcf7-form-control wpcf7-text wpcf7-validates-as-required\" aria-required=\"true\" aria-invalid=\"false\" placeholder=\"Konu\" value=\"\" type=\"text\" name=\"your-subject\" \/><\/span> <\/label>\n<\/p>\n<p><label><br \/>\n<span class=\"wpcf7-form-control-wrap\" data-name=\"your-message\"><textarea cols=\"40\" rows=\"10\" maxlength=\"2000\" class=\"wpcf7-form-control wpcf7-textarea\" aria-invalid=\"false\" placeholder=\"\u0130letiniz\" name=\"your-message\"><\/textarea><\/span> <\/label>\n<\/p>\n<p><input class=\"wpcf7-form-control wpcf7-submit has-spinner\" type=\"submit\" value=\"G\u00f6nder\" \/>\n<\/p><div class=\"wpcf7-response-output\" aria-hidden=\"true\"><\/div>\n<\/form>\n<\/div>\n<\/div>\n","protected":false},"excerpt":{"rendered":"<p>Bize Yaz\u0131n, Size Hemen Geri D\u00f6nece\u011fiz.<\/p>\n","protected":false},"author":1,"featured_media":2305,"parent":0,"menu_order":0,"comment_status":"closed","ping_status":"closed","template":"","meta":{"inline_featured_image":false,"footnotes":""},"class_list":["post-1463","page","type-page","status-publish","has-post-thumbnail","hentry"],"yoast_head":"<!-- This site is optimized with the Yoast SEO plugin v27.4 - https:\/\/yoast.com\/product\/yoast-seo-wordpress\/ -->\n<title>\u0130leti\u015fime Ge\u00e7in &#8211; Webrandizer<\/title>\n<meta name=\"description\" content=\"Web tasar\u0131m ve dijital medya hizmetlerimiz hakk\u0131nda ayr\u0131nt\u0131l\u0131 bilgi ve teklif almak i\u00e7in, bizimle ileti\u015fime ge\u00e7in!\" \/>\n<meta name=\"robots\" content=\"index, follow, max-snippet:-1, max-image-preview:large, max-video-preview:-1\" \/>\n<link rel=\"canonical\" href=\"https:\/\/webrandizer.com\/tr\/iletisim\/\" \/>\n<meta property=\"og:locale\" content=\"tr_TR\" \/>\n<meta property=\"og:type\" content=\"article\" \/>\n<meta property=\"og:title\" content=\"Bize Ula\u015f\u0131n - Webrandizer\" \/>\n<meta property=\"og:description\" content=\"Web tasar\u0131m ve dijital medya hizmetlerimiz hakk\u0131nda ayr\u0131nt\u0131l\u0131 bilgi ve teklif almak i\u00e7in, bizimle ileti\u015fime ge\u00e7in!\" \/>\n<meta property=\"og:url\" content=\"https:\/\/webrandizer.com\/tr\/iletisim\/\" \/>\n<meta property=\"og:site_name\" content=\"Webrandizer TR\" \/>\n<meta property=\"article:publisher\" content=\"https:\/\/facebook.com\/webrandizer\" \/>\n<meta property=\"article:modified_time\" content=\"2024-08-02T12:49:47+00:00\" \/>\n<meta property=\"og:image\" content=\"http:\/\/webrandizer.com\/tr\/wp-content\/uploads\/sites\/2\/2024\/08\/bizimle-iletisime-gecin-webrandizer.png\" \/>\n\t<meta property=\"og:image:width\" content=\"720\" \/>\n\t<meta property=\"og:image:height\" content=\"377\" \/>\n\t<meta property=\"og:image:type\" content=\"image\/png\" \/>\n<meta name=\"twitter:card\" content=\"summary_large_image\" \/>\n<meta name=\"twitter:title\" content=\"Bize Ula\u015f\u0131n - Webrandizer\" \/>\n<meta name=\"twitter:description\" content=\"Web tasar\u0131m ve dijital medya hizmetlerimiz hakk\u0131nda ayr\u0131nt\u0131l\u0131 bilgi ve teklif almak i\u00e7in, bizimle ileti\u015fime ge\u00e7in!\" \/>\n<meta name=\"twitter:image\" content=\"https:\/\/i0.wp.com\/webrandizer.com\/tr\/wp-content\/uploads\/sites\/2\/2024\/08\/bizimle-iletisime-gecin-webrandizer.png?fit=720%2C377&ssl=1\" \/>\n<meta name=\"twitter:site\" content=\"@webrandizer\" \/>\n<meta name=\"twitter:label1\" content=\"Tahmini okuma s\u00fcresi\" \/>\n\t<meta name=\"twitter:data1\" content=\"1 dakika\" \/>\n<script type=\"application\/ld+json\" class=\"yoast-schema-graph\">{\"@context\":\"https:\\\/\\\/schema.org\",\"@graph\":[{\"@type\":\"WebPage\",\"@id\":\"https:\\\/\\\/webrandizer.com\\\/tr\\\/iletisim\\\/\",\"url\":\"https:\\\/\\\/webrandizer.com\\\/tr\\\/iletisim\\\/\",\"name\":\"\u0130leti\u015fime Ge\u00e7in &#8211; Webrandizer\",\"isPartOf\":{\"@id\":\"https:\\\/\\\/webrandizer.com\\\/tr\\\/#website\"},\"primaryImageOfPage\":{\"@id\":\"https:\\\/\\\/webrandizer.com\\\/tr\\\/iletisim\\\/#primaryimage\"},\"image\":{\"@id\":\"https:\\\/\\\/webrandizer.com\\\/tr\\\/iletisim\\\/#primaryimage\"},\"thumbnailUrl\":\"https:\\\/\\\/i0.wp.com\\\/webrandizer.com\\\/tr\\\/wp-content\\\/uploads\\\/sites\\\/2\\\/2024\\\/08\\\/webrandizer-iletisim.png?fit=1000%2C1000&ssl=1\",\"datePublished\":\"2021-01-19T13:41:25+00:00\",\"dateModified\":\"2024-08-02T12:49:47+00:00\",\"description\":\"Web tasar\u0131m ve dijital medya hizmetlerimiz hakk\u0131nda ayr\u0131nt\u0131l\u0131 bilgi ve teklif almak i\u00e7in, bizimle ileti\u015fime ge\u00e7in!\",\"breadcrumb\":{\"@id\":\"https:\\\/\\\/webrandizer.com\\\/tr\\\/iletisim\\\/#breadcrumb\"},\"inLanguage\":\"tr\",\"potentialAction\":[{\"@type\":\"ReadAction\",\"target\":[\"https:\\\/\\\/webrandizer.com\\\/tr\\\/iletisim\\\/\"]}]},{\"@type\":\"ImageObject\",\"inLanguage\":\"tr\",\"@id\":\"https:\\\/\\\/webrandizer.com\\\/tr\\\/iletisim\\\/#primaryimage\",\"url\":\"https:\\\/\\\/i0.wp.com\\\/webrandizer.com\\\/tr\\\/wp-content\\\/uploads\\\/sites\\\/2\\\/2024\\\/08\\\/webrandizer-iletisim.png?fit=1000%2C1000&ssl=1\",\"contentUrl\":\"https:\\\/\\\/i0.wp.com\\\/webrandizer.com\\\/tr\\\/wp-content\\\/uploads\\\/sites\\\/2\\\/2024\\\/08\\\/webrandizer-iletisim.png?fit=1000%2C1000&ssl=1\",\"width\":1000,\"height\":1000,\"caption\":\"\u0130\u015finizi internete ta\u015f\u0131mak ya da internetteki i\u015finizi b\u00fcy\u00fctmek i\u00e7in, Webrandizer ile ileti\u015fime ge\u00e7in!\"},{\"@type\":\"BreadcrumbList\",\"@id\":\"https:\\\/\\\/webrandizer.com\\\/tr\\\/iletisim\\\/#breadcrumb\",\"itemListElement\":[{\"@type\":\"ListItem\",\"position\":1,\"name\":\"Webrandizer\",\"item\":\"https:\\\/\\\/webrandizer.com\\\/tr\\\/\"},{\"@type\":\"ListItem\",\"position\":2,\"name\":\"\u0130leti\u015fim\"}]},{\"@type\":\"WebSite\",\"@id\":\"https:\\\/\\\/webrandizer.com\\\/tr\\\/#website\",\"url\":\"https:\\\/\\\/webrandizer.com\\\/tr\\\/\",\"name\":\"Webrandizer\",\"description\":\"\u0130\u015finizi \u0130nternete Ta\u015f\u0131y\u0131n\",\"publisher\":{\"@id\":\"https:\\\/\\\/webrandizer.com\\\/tr\\\/#organization\"},\"alternateName\":\"Webrandizer\",\"potentialAction\":[{\"@type\":\"SearchAction\",\"target\":{\"@type\":\"EntryPoint\",\"urlTemplate\":\"https:\\\/\\\/webrandizer.com\\\/tr\\\/?s={search_term_string}\"},\"query-input\":{\"@type\":\"PropertyValueSpecification\",\"valueRequired\":true,\"valueName\":\"search_term_string\"}}],\"inLanguage\":\"tr\"},{\"@type\":\"Organization\",\"@id\":\"https:\\\/\\\/webrandizer.com\\\/tr\\\/#organization\",\"name\":\"Webrandizer\",\"alternateName\":\"Webrandizer\",\"url\":\"https:\\\/\\\/webrandizer.com\\\/tr\\\/\",\"logo\":{\"@type\":\"ImageObject\",\"inLanguage\":\"tr\",\"@id\":\"https:\\\/\\\/webrandizer.com\\\/tr\\\/#\\\/schema\\\/logo\\\/image\\\/\",\"url\":\"https:\\\/\\\/webrandizer.com\\\/tr\\\/wp-content\\\/uploads\\\/sites\\\/2\\\/2021\\\/02\\\/webrandizer.svg\",\"contentUrl\":\"https:\\\/\\\/webrandizer.com\\\/tr\\\/wp-content\\\/uploads\\\/sites\\\/2\\\/2021\\\/02\\\/webrandizer.svg\",\"width\":\"1024\",\"height\":\"1024\",\"caption\":\"Webrandizer\"},\"image\":{\"@id\":\"https:\\\/\\\/webrandizer.com\\\/tr\\\/#\\\/schema\\\/logo\\\/image\\\/\"},\"sameAs\":[\"https:\\\/\\\/facebook.com\\\/webrandizer\",\"https:\\\/\\\/x.com\\\/webrandizer\",\"https:\\\/\\\/instagram.com\\\/webrandizer\",\"https:\\\/\\\/www.linkedin.com\\\/company\\\/webrandizer\\\/\",\"https:\\\/\\\/www.pinterest.com\\\/webrandizer\\\/\",\"https:\\\/\\\/www.youtube.com\\\/channel\\\/UCINH9gD6NyDa4iNUofNqhTQ\",\"https:\\\/\\\/tr.wikipedia.org\\\/wiki\\\/Webrandizer\"]}]}<\/script>\n<!-- \/ Yoast SEO plugin. -->","yoast_head_json":{"title":"\u0130leti\u015fime Ge\u00e7in &#8211; Webrandizer","description":"Web tasar\u0131m ve dijital medya hizmetlerimiz hakk\u0131nda ayr\u0131nt\u0131l\u0131 bilgi ve teklif almak i\u00e7in, bizimle ileti\u015fime ge\u00e7in!","robots":{"index":"index","follow":"follow","max-snippet":"max-snippet:-1","max-image-preview":"max-image-preview:large","max-video-preview":"max-video-preview:-1"},"canonical":"https:\/\/webrandizer.com\/tr\/iletisim\/","og_locale":"tr_TR","og_type":"article","og_title":"Bize Ula\u015f\u0131n - Webrandizer","og_description":"Web tasar\u0131m ve dijital medya hizmetlerimiz hakk\u0131nda ayr\u0131nt\u0131l\u0131 bilgi ve teklif almak i\u00e7in, bizimle ileti\u015fime ge\u00e7in!","og_url":"https:\/\/webrandizer.com\/tr\/iletisim\/","og_site_name":"Webrandizer TR","article_publisher":"https:\/\/facebook.com\/webrandizer","article_modified_time":"2024-08-02T12:49:47+00:00","og_image":[{"width":720,"height":377,"url":"http:\/\/webrandizer.com\/tr\/wp-content\/uploads\/sites\/2\/2024\/08\/bizimle-iletisime-gecin-webrandizer.png","type":"image\/png"}],"twitter_card":"summary_large_image","twitter_title":"Bize Ula\u015f\u0131n - Webrandizer","twitter_description":"Web tasar\u0131m ve dijital medya hizmetlerimiz hakk\u0131nda ayr\u0131nt\u0131l\u0131 bilgi ve teklif almak i\u00e7in, bizimle ileti\u015fime ge\u00e7in!","twitter_image":"https:\/\/i0.wp.com\/webrandizer.com\/tr\/wp-content\/uploads\/sites\/2\/2024\/08\/bizimle-iletisime-gecin-webrandizer.png?fit=720%2C377&ssl=1","twitter_site":"@webrandizer","twitter_misc":{"Tahmini okuma s\u00fcresi":"1 dakika"},"schema":{"@context":"https:\/\/schema.org","@graph":[{"@type":"WebPage","@id":"https:\/\/webrandizer.com\/tr\/iletisim\/","url":"https:\/\/webrandizer.com\/tr\/iletisim\/","name":"\u0130leti\u015fime Ge\u00e7in &#8211; Webrandizer","isPartOf":{"@id":"https:\/\/webrandizer.com\/tr\/#website"},"primaryImageOfPage":{"@id":"https:\/\/webrandizer.com\/tr\/iletisim\/#primaryimage"},"image":{"@id":"https:\/\/webrandizer.com\/tr\/iletisim\/#primaryimage"},"thumbnailUrl":"https:\/\/i0.wp.com\/webrandizer.com\/tr\/wp-content\/uploads\/sites\/2\/2024\/08\/webrandizer-iletisim.png?fit=1000%2C1000&ssl=1","datePublished":"2021-01-19T13:41:25+00:00","dateModified":"2024-08-02T12:49:47+00:00","description":"Web tasar\u0131m ve dijital medya hizmetlerimiz hakk\u0131nda ayr\u0131nt\u0131l\u0131 bilgi ve teklif almak i\u00e7in, bizimle ileti\u015fime ge\u00e7in!","breadcrumb":{"@id":"https:\/\/webrandizer.com\/tr\/iletisim\/#breadcrumb"},"inLanguage":"tr","potentialAction":[{"@type":"ReadAction","target":["https:\/\/webrandizer.com\/tr\/iletisim\/"]}]},{"@type":"ImageObject","inLanguage":"tr","@id":"https:\/\/webrandizer.com\/tr\/iletisim\/#primaryimage","url":"https:\/\/i0.wp.com\/webrandizer.com\/tr\/wp-content\/uploads\/sites\/2\/2024\/08\/webrandizer-iletisim.png?fit=1000%2C1000&ssl=1","contentUrl":"https:\/\/i0.wp.com\/webrandizer.com\/tr\/wp-content\/uploads\/sites\/2\/2024\/08\/webrandizer-iletisim.png?fit=1000%2C1000&ssl=1","width":1000,"height":1000,"caption":"\u0130\u015finizi internete ta\u015f\u0131mak ya da internetteki i\u015finizi b\u00fcy\u00fctmek i\u00e7in, Webrandizer ile ileti\u015fime ge\u00e7in!"},{"@type":"BreadcrumbList","@id":"https:\/\/webrandizer.com\/tr\/iletisim\/#breadcrumb","itemListElement":[{"@type":"ListItem","position":1,"name":"Webrandizer","item":"https:\/\/webrandizer.com\/tr\/"},{"@type":"ListItem","position":2,"name":"\u0130leti\u015fim"}]},{"@type":"WebSite","@id":"https:\/\/webrandizer.com\/tr\/#website","url":"https:\/\/webrandizer.com\/tr\/","name":"Webrandizer","description":"\u0130\u015finizi \u0130nternete Ta\u015f\u0131y\u0131n","publisher":{"@id":"https:\/\/webrandizer.com\/tr\/#organization"},"alternateName":"Webrandizer","potentialAction":[{"@type":"SearchAction","target":{"@type":"EntryPoint","urlTemplate":"https:\/\/webrandizer.com\/tr\/?s={search_term_string}"},"query-input":{"@type":"PropertyValueSpecification","valueRequired":true,"valueName":"search_term_string"}}],"inLanguage":"tr"},{"@type":"Organization","@id":"https:\/\/webrandizer.com\/tr\/#organization","name":"Webrandizer","alternateName":"Webrandizer","url":"https:\/\/webrandizer.com\/tr\/","logo":{"@type":"ImageObject","inLanguage":"tr","@id":"https:\/\/webrandizer.com\/tr\/#\/schema\/logo\/image\/","url":"https:\/\/webrandizer.com\/tr\/wp-content\/uploads\/sites\/2\/2021\/02\/webrandizer.svg","contentUrl":"https:\/\/webrandizer.com\/tr\/wp-content\/uploads\/sites\/2\/2021\/02\/webrandizer.svg","width":"1024","height":"1024","caption":"Webrandizer"},"image":{"@id":"https:\/\/webrandizer.com\/tr\/#\/schema\/logo\/image\/"},"sameAs":["https:\/\/facebook.com\/webrandizer","https:\/\/x.com\/webrandizer","https:\/\/instagram.com\/webrandizer","https:\/\/www.linkedin.com\/company\/webrandizer\/","https:\/\/www.pinterest.com\/webrandizer\/","https:\/\/www.youtube.com\/channel\/UCINH9gD6NyDa4iNUofNqhTQ","https:\/\/tr.wikipedia.org\/wiki\/Webrandizer"]}]}},"jetpack_sharing_enabled":true,"_links":{"self":[{"href":"https:\/\/webrandizer.com\/tr\/wp-json\/wp\/v2\/pages\/1463","targetHints":{"allow":["GET"]}}],"collection":[{"href":"https:\/\/webrandizer.com\/tr\/wp-json\/wp\/v2\/pages"}],"about":[{"href":"https:\/\/webrandizer.com\/tr\/wp-json\/wp\/v2\/types\/page"}],"author":[{"embeddable":true,"href":"https:\/\/webrandizer.com\/tr\/wp-json\/wp\/v2\/users\/1"}],"replies":[{"embeddable":true,"href":"https:\/\/webrandizer.com\/tr\/wp-json\/wp\/v2\/comments?post=1463"}],"version-history":[{"count":7,"href":"https:\/\/webrandizer.com\/tr\/wp-json\/wp\/v2\/pages\/1463\/revisions"}],"predecessor-version":[{"id":1474,"href":"https:\/\/webrandizer.com\/tr\/wp-json\/wp\/v2\/pages\/1463\/revisions\/1474"}],"wp:featuredmedia":[{"embeddable":true,"href":"https:\/\/webrandizer.com\/tr\/wp-json\/wp\/v2\/media\/2305"}],"wp:attachment":[{"href":"https:\/\/webrandizer.com\/tr\/wp-json\/wp\/v2\/media?parent=1463"}],"curies":[{"name":"wp","href":"https:\/\/api.w.org\/{rel}","templated":true}]}}