{"id":2,"date":"2020-11-25T19:57:08","date_gmt":"2020-11-25T16:57:08","guid":{"rendered":"http:\/\/webrandizer.com\/tr\/?page_id=2"},"modified":"2024-08-04T19:42:27","modified_gmt":"2024-08-04T16:42:27","slug":"yaklasimimiz","status":"publish","type":"page","link":"https:\/\/webrandizer.com\/tr\/yaklasimimiz\/","title":{"rendered":"Yakla\u015f\u0131m\u0131m\u0131z"},"content":{"rendered":"\n<div class=\"wp-block-columns are-vertically-aligned-center is-layout-flex wp-container-core-columns-is-layout-9d6595d7 wp-block-columns-is-layout-flex\">\n<div class=\"wp-block-column is-vertically-aligned-center is-layout-flow wp-block-column-is-layout-flow\" style=\"flex-basis:33.33%\"><div class=\"wp-block-image\">\n<figure class=\"alignleft size-large\"><img loading=\"lazy\" decoding=\"async\" width=\"887\" height=\"793\" src=\"https:\/\/webrandizer.com\/tr\/wp-content\/uploads\/sites\/2\/2024\/07\/webrandizer-yaklasimimiz.svg\" alt=\"\" class=\"wp-image-2283\"\/><\/figure>\n<\/div><\/div>\n\n\n\n<div class=\"wp-block-column is-vertically-aligned-center is-layout-flow wp-block-column-is-layout-flow\" style=\"flex-basis:66.66%\">\n<div class=\"wp-block-columns mb-0 is-layout-flex wp-container-core-columns-is-layout-9d6595d7 wp-block-columns-is-layout-flex\">\n<div class=\"wp-block-column is-vertically-aligned-top is-layout-flow wp-block-column-is-layout-flow\" style=\"flex-basis:30%\"><div class=\"wp-block-image is-resized text-center-text-md-left\">\n<figure class=\"alignleft size-large\"><img decoding=\"async\" src=\"https:\/\/webrandizer.com\/tr\/wp-content\/themes\/webrandizer_tr\/resimler\/webrandizer.svg\" alt=\"\" style=\"width:216px;height:auto\"\/><\/figure>\n<\/div>\n\n\n<div style=\"height:10px\" aria-hidden=\"true\" class=\"wp-block-spacer\"><\/div>\n\n\n\n<h2 class=\"wp-block-heading has-text-align-left wbyazi text-center text-md-left\" style=\"font-size:34px\">Hakk\u0131m\u0131zda<\/h2>\n\n\n\n<div style=\"height:10px\" aria-hidden=\"true\" class=\"wp-block-spacer\"><\/div>\n<\/div>\n<\/div>\n\n\n\n<p class=\"has-text-align-left has-medium-font-size\">Webrandizer, i\u015fini internete ta\u015f\u0131mak ve internetteki i\u015fini b\u00fcy\u00fctmek isteyenler i\u00e7in strateji belirleme, web sitesi tasar\u0131m\u0131, e-ticaret \u00e7\u00f6z\u00fcmleri, sosyal medya hizmetleri ve i\u00e7erik y\u00f6netim sistemleri gibi geni\u015f bir yelpazede web tasar\u0131m ve dijital medya hizmetleri sunmaktad\u0131r. K\u00fc\u00e7\u00fck ve orta b\u00fcy\u00fckl\u00fckteki i\u015fletmelerden -kobilerden-, d\u00fcnya \u00e7ap\u0131nda hizmet veren \u015firketlere kadar her b\u00fcy\u00fckl\u00fckteki kurulu\u015f ile \u00e7al\u0131\u015f\u0131r\u0131z.<\/p>\n<\/div>\n<\/div>\n\n\n\n<hr class=\"wp-block-separator has-css-opacity\"\/>\n\n\n\n<div style=\"height:30px\" aria-hidden=\"true\" class=\"wp-block-spacer\"><\/div>\n\n\n\n<div class=\"wp-block-columns is-layout-flex wp-container-core-columns-is-layout-9d6595d7 wp-block-columns-is-layout-flex\">\n<div class=\"wp-block-column is-layout-flow wp-block-column-is-layout-flow\">\n<h2 class=\"wp-block-heading has-text-align-center\">Yakla\u015f\u0131m\u0131m\u0131z<\/h2>\n\n\n\n<div style=\"height:10px\" aria-hidden=\"true\" class=\"wp-block-spacer\"><\/div>\n\n\n\n<p class=\"has-text-align-center has-medium-font-size\">H\u0131zla geli\u015fen internet d\u00fcnyas\u0131nda potansiyel m\u00fc\u015fterilerinize do\u011fru bir y\u00f6ntemle ula\u015fman\u0131z\u0131 sa\u011flamak i\u00e7in, internet kullan\u0131c\u0131lar\u0131n\u0131n al\u0131\u015fkanl\u0131klar\u0131n\u0131 analiz ederek, edindi\u011fimiz bilgilerle markan\u0131z\u0131n \u00e7evrimi\u00e7i stratejisini olu\u015ftururuz. Bu  sayede, i\u015finizi internete ta\u015f\u0131man\u0131za ya da internetteki i\u015finizi geli\u015ftirmenize yard\u0131m ederiz. Webrandizer olarak biz, sadece bir web sitesi tasar\u0131m firmas\u0131 de\u011filiz; gereksinimlerinizi anlamak ve hemen hemen her b\u00fct\u00e7eye etkili \u00e7\u00f6z\u00fcmler olu\u015fturmak i\u00e7in \u00e7ok \u00e7al\u0131\u015fan insanlar\u0131z. Stratejik d\u00fc\u015f\u00fcn\u00fcp yarat\u0131c\u0131 i\u00e7erikler planlar ve bunlar\u0131 teknik bilgimizle hayata ge\u00e7iririz.<\/p>\n<\/div>\n<\/div>\n\n\n\n<hr class=\"wp-block-separator has-css-opacity is-style-default\"\/>\n\n\n\n<div class=\"wp-block-columns is-layout-flex wp-container-core-columns-is-layout-9d6595d7 wp-block-columns-is-layout-flex\">\n<div class=\"wp-block-column is-vertically-aligned-center is-layout-flow wp-block-column-is-layout-flow\" style=\"flex-basis:33.33%\"><div class=\"wp-block-image\">\n<figure class=\"alignleft size-large\"><img loading=\"lazy\" decoding=\"async\" width=\"1046\" height=\"572\" src=\"https:\/\/webrandizer.com\/tr\/wp-content\/uploads\/sites\/2\/2024\/07\/stratejik-yaklasimimiz-webrandizer.svg\" alt=\"\" class=\"wp-image-2285\"\/><\/figure>\n<\/div>\n\n\n<p><\/p>\n<\/div>\n\n\n\n<div class=\"wp-block-column is-vertically-aligned-center is-layout-flow wp-block-column-is-layout-flow\" style=\"flex-basis:66.66%\">\n<h3 class=\"wp-block-heading has-text-align-left text-center text-md-left\">Stratejik<\/h3>\n\n\n\n<div style=\"height:10px\" aria-hidden=\"true\" class=\"wp-block-spacer\"><\/div>\n\n\n\n<p class=\"has-text-align-left has-medium-font-size\">\u0130nsanlar, \u00e7evrimi\u00e7i d\u00fcnyada dola\u015f\u0131rken, kar\u015f\u0131la\u015ft\u0131klar\u0131 i\u00e7eriklere kar\u015f\u0131 hislerini davran\u0131\u015flar\u0131 ile ifade ederler; ba\u015fl\u0131\u011f\u0131yla merak uyand\u0131ran bir yaz\u0131y\u0131 okurlar, onlar\u0131 etkileyen bir g\u00f6rseli payla\u015f\u0131rlar ya da be\u011fendikleri bir \u00fcr\u00fcn\u00fc sat\u0131n al\u0131rlar. Bu s\u00fcre\u00e7leri, yani internet kullan\u0131c\u0131lar\u0131n\u0131n deneyimlerini analiz edebilmek, onlar\u0131 etkileyebilecek i\u00e7erikler olu\u015fturman\u0131n ilk ad\u0131m\u0131d\u0131r. Webrandizer, her zaman ilk ad\u0131m olarak hedef kitlenizin kullan\u0131c\u0131 al\u0131\u015fkanl\u0131klar\u0131n\u0131 analiz eder ve stratejik bir planlama olu\u015fturur.<\/p>\n<\/div>\n<\/div>\n\n\n\n<hr class=\"wp-block-separator has-css-opacity is-style-default\"\/>\n\n\n\n<div class=\"wp-block-columns is-layout-flex wp-container-core-columns-is-layout-9d6595d7 wp-block-columns-is-layout-flex\">\n<div class=\"wp-block-column is-layout-flow wp-block-column-is-layout-flow\" style=\"flex-basis:33.33%\">\n<figure class=\"wp-block-image size-large\"><img loading=\"lazy\" decoding=\"async\" width=\"956\" height=\"713\" src=\"https:\/\/webrandizer.com\/tr\/wp-content\/uploads\/sites\/2\/2024\/07\/yaratici-yaklasimimiz-webrandizer.svg\" alt=\"\" class=\"wp-image-2284\"\/><\/figure>\n\n\n\n<p><\/p>\n<\/div>\n\n\n\n<div class=\"wp-block-column is-vertically-aligned-center is-layout-flow wp-block-column-is-layout-flow\" style=\"flex-basis:66.66%\">\n<h3 class=\"wp-block-heading has-text-align-left text-center text-md-left\">Yarat\u0131c\u0131<\/h3>\n\n\n\n<div style=\"height:10px\" aria-hidden=\"true\" class=\"wp-block-spacer\"><\/div>\n\n\n\n<p class=\"has-text-align-left has-medium-font-size\">Sa\u011flad\u0131\u011f\u0131n\u0131z hizmet ya da satt\u0131\u011f\u0131n\u0131z \u00fcr\u00fcn ne kadar iyi olursa olsun, insanlar sizden haberdar de\u011filse, m\u00fc\u015fteriniz olamazlar. Her g\u00fcn say\u0131s\u0131z reklama maruz kalan ve bir \u00e7o\u011funa duyars\u0131zla\u015fan kitlelere kendinizi fark ettirmenizin yolu, onlar\u0131n dikkatini \u00e7ekecek ve size sempati duymalar\u0131n\u0131 sa\u011flayacak bir yarat\u0131c\u0131l\u0131kta yatar. Webrandizer, kitlenizin markan\u0131zla etkile\u015fime ge\u00e7mesini tetikleyen yarat\u0131c\u0131 i\u00e7erikleri, sunulacak mecra ve do\u011fru zaman\u0131 g\u00f6z \u00f6n\u00fcne alarak planlar.<\/p>\n<\/div>\n<\/div>\n\n\n\n<hr class=\"wp-block-separator has-css-opacity is-style-default\"\/>\n\n\n\n<div class=\"wp-block-columns is-layout-flex wp-container-core-columns-is-layout-9d6595d7 wp-block-columns-is-layout-flex\">\n<div class=\"wp-block-column is-vertically-aligned-center is-layout-flow wp-block-column-is-layout-flow\" style=\"flex-basis:33.33%\"><div class=\"wp-block-image\">\n<figure class=\"alignleft size-large\"><img loading=\"lazy\" decoding=\"async\" width=\"1126\" height=\"855\" src=\"https:\/\/webrandizer.com\/tr\/wp-content\/uploads\/sites\/2\/2024\/07\/teknik-yaklasimimiz-webrandizer.svg\" alt=\"Webrandizer, planlad\u0131\u011f\u0131 web siteleri, sosyal medya g\u00f6nderileri, mobil uygulamalar, blog yaz\u0131lar\u0131 gibi \u00e7evrimi\u00e7i varl\u0131\u011f\u0131n\u0131z\u0131 destekleyecek her t\u00fcrl\u00fc \u00e7al\u0131\u015fmay\u0131, kullan\u0131labilirlik ve arama motoru optimizasyonu gibi kriterleri dikkate alarak \u00fcst\u00fcn bir teknik kaliteyle hayata ge\u00e7irir.\" class=\"wp-image-2282\"\/><\/figure>\n<\/div>\n\n\n<p><\/p>\n<\/div>\n\n\n\n<div class=\"wp-block-column is-vertically-aligned-center is-layout-flow wp-block-column-is-layout-flow\" style=\"flex-basis:66.66%\">\n<h3 class=\"wp-block-heading has-text-align-left text-center text-md-left\">Teknik<\/h3>\n\n\n\n<div style=\"height:10px\" aria-hidden=\"true\" class=\"wp-block-spacer\"><\/div>\n\n\n\n<p class=\"has-text-align-left has-medium-font-size\">M\u00fckemmel fikirler, hak ettikleri kalitede hayata ge\u00e7irilmezlerse, kitleniz i\u00e7in m\u00fckemmel olmayabilirler. Webrandizer, planlad\u0131\u011f\u0131 web siteleri, sosyal medya g\u00f6nderileri, mobil uygulamalar, blog yaz\u0131lar\u0131 gibi \u00e7evrimi\u00e7i varl\u0131\u011f\u0131n\u0131z\u0131 destekleyecek her t\u00fcrl\u00fc \u00e7al\u0131\u015fmay\u0131, kullan\u0131labilirlik ve arama motoru optimizasyonu gibi kriterleri dikkate alarak \u00fcst\u00fcn bir teknik kaliteyle hayata ge\u00e7irir.<\/p>\n<\/div>\n<\/div>\n\n\n\n<p><\/p>\n","protected":false},"excerpt":{"rendered":"<p>Hakk\u0131m\u0131zda Webrandizer, i\u015fini internete ta\u015f\u0131mak ve internetteki i\u015fini b\u00fcy\u00fctmek isteyenler i\u00e7in strateji belirleme, web sitesi tasar\u0131m\u0131, e-ticaret \u00e7\u00f6z\u00fcmleri, sosyal medya hizmetleri ve i\u00e7erik y\u00f6netim sistemleri gibi geni\u015f bir yelpazede web tasar\u0131m ve dijital medya hizmetleri sunmaktad\u0131r. K\u00fc\u00e7\u00fck ve orta b\u00fcy\u00fckl\u00fckteki i\u015fletmelerden -kobilerden-, d\u00fcnya \u00e7ap\u0131nda hizmet veren \u015firketlere kadar her b\u00fcy\u00fckl\u00fckteki kurulu\u015f ile \u00e7al\u0131\u015f\u0131r\u0131z. Yakla\u015f\u0131m\u0131m\u0131z H\u0131zla [&hellip;]<\/p>\n","protected":false},"author":1,"featured_media":2279,"parent":0,"menu_order":0,"comment_status":"closed","ping_status":"closed","template":"page-sade.php","meta":{"inline_featured_image":false,"footnotes":""},"class_list":["post-2","page","type-page","status-publish","has-post-thumbnail","hentry"],"yoast_head":"<!-- This site is optimized with the Yoast SEO plugin v27.4 - https:\/\/yoast.com\/product\/yoast-seo-wordpress\/ -->\n<title>Yakla\u015f\u0131m\u0131m\u0131z &#8211; Webrandizer<\/title>\n<meta name=\"description\" content=\"Webrandizer, internet kullan\u0131c\u0131lar\u0131n\u0131n al\u0131\u015fkanl\u0131klar\u0131n\u0131 analiz ederek, edindi\u011fi bilgilerle markan\u0131z\u0131n \u00e7evrimi\u00e7i stratejisini olu\u015fturur.\" \/>\n<meta name=\"robots\" content=\"index, follow, max-snippet:-1, max-image-preview:large, max-video-preview:-1\" \/>\n<link rel=\"canonical\" href=\"https:\/\/webrandizer.com\/tr\/yaklasimimiz\/\" \/>\n<meta property=\"og:locale\" content=\"tr_TR\" \/>\n<meta property=\"og:type\" content=\"article\" \/>\n<meta property=\"og:title\" content=\"Hakk\u0131m\u0131zda - Webrandizer\" \/>\n<meta property=\"og:description\" content=\"Webrandizer, i\u015fini internete ta\u015f\u0131mak ve internetteki i\u015fini b\u00fcy\u00fctmek isteyenler i\u00e7in strateji belirleme, web sitesi tasar\u0131m\u0131, e-ticaret \u00e7\u00f6z\u00fcmleri, sosyal medya hizmetleri ve i\u00e7erik y\u00f6netim sistemleri gibi geni\u015f bir yelpazede web tasar\u0131m ve dijital medya hizmetleri sunmaktad\u0131r.\" \/>\n<meta property=\"og:url\" content=\"https:\/\/webrandizer.com\/tr\/yaklasimimiz\/\" \/>\n<meta property=\"og:site_name\" content=\"Webrandizer TR\" \/>\n<meta property=\"article:publisher\" content=\"https:\/\/facebook.com\/webrandizer\" \/>\n<meta property=\"article:modified_time\" content=\"2024-08-04T16:42:27+00:00\" \/>\n<meta property=\"og:image\" content=\"http:\/\/webrandizer.com\/tr\/wp-content\/uploads\/sites\/2\/2024\/07\/webrandizer-hakkinda.png\" \/>\n\t<meta property=\"og:image:width\" content=\"720\" \/>\n\t<meta property=\"og:image:height\" content=\"377\" \/>\n\t<meta property=\"og:image:type\" content=\"image\/png\" \/>\n<meta name=\"twitter:card\" content=\"summary_large_image\" \/>\n<meta name=\"twitter:title\" content=\"Hakk\u0131m\u0131zda - Webrandizer\" \/>\n<meta name=\"twitter:description\" content=\"Webrandizer, i\u015fini internete ta\u015f\u0131mak ve internetteki i\u015fini b\u00fcy\u00fctmek isteyenler i\u00e7in strateji belirleme, web sitesi tasar\u0131m\u0131, e-ticaret \u00e7\u00f6z\u00fcmleri, sosyal medya hizmetleri ve i\u00e7erik y\u00f6netim sistemleri gibi geni\u015f bir yelpazede web tasar\u0131m ve dijital medya hizmetleri sunmaktad\u0131r.\" \/>\n<meta name=\"twitter:image\" content=\"https:\/\/i0.wp.com\/webrandizer.com\/tr\/wp-content\/uploads\/sites\/2\/2024\/07\/webrandizer-hakkinda.png?fit=720%2C377&ssl=1\" \/>\n<meta name=\"twitter:site\" content=\"@webrandizer\" \/>\n<meta name=\"twitter:label1\" content=\"Tahmini okuma s\u00fcresi\" \/>\n\t<meta name=\"twitter:data1\" content=\"3 dakika\" \/>\n<script type=\"application\/ld+json\" class=\"yoast-schema-graph\">{\"@context\":\"https:\\\/\\\/schema.org\",\"@graph\":[{\"@type\":\"WebPage\",\"@id\":\"https:\\\/\\\/webrandizer.com\\\/tr\\\/yaklasimimiz\\\/\",\"url\":\"https:\\\/\\\/webrandizer.com\\\/tr\\\/yaklasimimiz\\\/\",\"name\":\"Yakla\u015f\u0131m\u0131m\u0131z &#8211; Webrandizer\",\"isPartOf\":{\"@id\":\"https:\\\/\\\/webrandizer.com\\\/tr\\\/#website\"},\"primaryImageOfPage\":{\"@id\":\"https:\\\/\\\/webrandizer.com\\\/tr\\\/yaklasimimiz\\\/#primaryimage\"},\"image\":{\"@id\":\"https:\\\/\\\/webrandizer.com\\\/tr\\\/yaklasimimiz\\\/#primaryimage\"},\"thumbnailUrl\":\"https:\\\/\\\/i0.wp.com\\\/webrandizer.com\\\/tr\\\/wp-content\\\/uploads\\\/sites\\\/2\\\/2024\\\/07\\\/yaklasimimiz.png?fit=1000%2C1000&ssl=1\",\"datePublished\":\"2020-11-25T16:57:08+00:00\",\"dateModified\":\"2024-08-04T16:42:27+00:00\",\"description\":\"Webrandizer, internet kullan\u0131c\u0131lar\u0131n\u0131n al\u0131\u015fkanl\u0131klar\u0131n\u0131 analiz ederek, edindi\u011fi bilgilerle markan\u0131z\u0131n \u00e7evrimi\u00e7i stratejisini olu\u015fturur.\",\"breadcrumb\":{\"@id\":\"https:\\\/\\\/webrandizer.com\\\/tr\\\/yaklasimimiz\\\/#breadcrumb\"},\"inLanguage\":\"tr\",\"potentialAction\":[{\"@type\":\"ReadAction\",\"target\":[\"https:\\\/\\\/webrandizer.com\\\/tr\\\/yaklasimimiz\\\/\"]}]},{\"@type\":\"ImageObject\",\"inLanguage\":\"tr\",\"@id\":\"https:\\\/\\\/webrandizer.com\\\/tr\\\/yaklasimimiz\\\/#primaryimage\",\"url\":\"https:\\\/\\\/i0.wp.com\\\/webrandizer.com\\\/tr\\\/wp-content\\\/uploads\\\/sites\\\/2\\\/2024\\\/07\\\/yaklasimimiz.png?fit=1000%2C1000&ssl=1\",\"contentUrl\":\"https:\\\/\\\/i0.wp.com\\\/webrandizer.com\\\/tr\\\/wp-content\\\/uploads\\\/sites\\\/2\\\/2024\\\/07\\\/yaklasimimiz.png?fit=1000%2C1000&ssl=1\",\"width\":1000,\"height\":1000,\"caption\":\"H\u0131zla geli\u015fen internet d\u00fcnyas\u0131nda potansiyel m\u00fc\u015fterilerinize do\u011fru bir y\u00f6ntemle ula\u015fman\u0131z\u0131 sa\u011flamak i\u00e7in, internet kullan\u0131c\u0131lar\u0131n\u0131n al\u0131\u015fkanl\u0131klar\u0131n\u0131 analiz ederek, edindi\u011fimiz bilgilerle markan\u0131z\u0131n \u00e7evrimi\u00e7i stratejisini olu\u015ftururuz.\"},{\"@type\":\"BreadcrumbList\",\"@id\":\"https:\\\/\\\/webrandizer.com\\\/tr\\\/yaklasimimiz\\\/#breadcrumb\",\"itemListElement\":[{\"@type\":\"ListItem\",\"position\":1,\"name\":\"Webrandizer\",\"item\":\"https:\\\/\\\/webrandizer.com\\\/tr\\\/\"},{\"@type\":\"ListItem\",\"position\":2,\"name\":\"Yakla\u015f\u0131m\u0131m\u0131z\"}]},{\"@type\":\"WebSite\",\"@id\":\"https:\\\/\\\/webrandizer.com\\\/tr\\\/#website\",\"url\":\"https:\\\/\\\/webrandizer.com\\\/tr\\\/\",\"name\":\"Webrandizer\",\"description\":\"\u0130\u015finizi \u0130nternete Ta\u015f\u0131y\u0131n\",\"publisher\":{\"@id\":\"https:\\\/\\\/webrandizer.com\\\/tr\\\/#organization\"},\"alternateName\":\"Webrandizer\",\"potentialAction\":[{\"@type\":\"SearchAction\",\"target\":{\"@type\":\"EntryPoint\",\"urlTemplate\":\"https:\\\/\\\/webrandizer.com\\\/tr\\\/?s={search_term_string}\"},\"query-input\":{\"@type\":\"PropertyValueSpecification\",\"valueRequired\":true,\"valueName\":\"search_term_string\"}}],\"inLanguage\":\"tr\"},{\"@type\":\"Organization\",\"@id\":\"https:\\\/\\\/webrandizer.com\\\/tr\\\/#organization\",\"name\":\"Webrandizer\",\"alternateName\":\"Webrandizer\",\"url\":\"https:\\\/\\\/webrandizer.com\\\/tr\\\/\",\"logo\":{\"@type\":\"ImageObject\",\"inLanguage\":\"tr\",\"@id\":\"https:\\\/\\\/webrandizer.com\\\/tr\\\/#\\\/schema\\\/logo\\\/image\\\/\",\"url\":\"https:\\\/\\\/webrandizer.com\\\/tr\\\/wp-content\\\/uploads\\\/sites\\\/2\\\/2021\\\/02\\\/webrandizer.svg\",\"contentUrl\":\"https:\\\/\\\/webrandizer.com\\\/tr\\\/wp-content\\\/uploads\\\/sites\\\/2\\\/2021\\\/02\\\/webrandizer.svg\",\"width\":\"1024\",\"height\":\"1024\",\"caption\":\"Webrandizer\"},\"image\":{\"@id\":\"https:\\\/\\\/webrandizer.com\\\/tr\\\/#\\\/schema\\\/logo\\\/image\\\/\"},\"sameAs\":[\"https:\\\/\\\/facebook.com\\\/webrandizer\",\"https:\\\/\\\/x.com\\\/webrandizer\",\"https:\\\/\\\/instagram.com\\\/webrandizer\",\"https:\\\/\\\/www.linkedin.com\\\/company\\\/webrandizer\\\/\",\"https:\\\/\\\/www.pinterest.com\\\/webrandizer\\\/\",\"https:\\\/\\\/www.youtube.com\\\/channel\\\/UCINH9gD6NyDa4iNUofNqhTQ\",\"https:\\\/\\\/tr.wikipedia.org\\\/wiki\\\/Webrandizer\"]}]}<\/script>\n<!-- \/ Yoast SEO plugin. -->","yoast_head_json":{"title":"Yakla\u015f\u0131m\u0131m\u0131z &#8211; Webrandizer","description":"Webrandizer, internet kullan\u0131c\u0131lar\u0131n\u0131n al\u0131\u015fkanl\u0131klar\u0131n\u0131 analiz ederek, edindi\u011fi bilgilerle markan\u0131z\u0131n \u00e7evrimi\u00e7i stratejisini olu\u015fturur.","robots":{"index":"index","follow":"follow","max-snippet":"max-snippet:-1","max-image-preview":"max-image-preview:large","max-video-preview":"max-video-preview:-1"},"canonical":"https:\/\/webrandizer.com\/tr\/yaklasimimiz\/","og_locale":"tr_TR","og_type":"article","og_title":"Hakk\u0131m\u0131zda - Webrandizer","og_description":"Webrandizer, i\u015fini internete ta\u015f\u0131mak ve internetteki i\u015fini b\u00fcy\u00fctmek isteyenler i\u00e7in strateji belirleme, web sitesi tasar\u0131m\u0131, e-ticaret \u00e7\u00f6z\u00fcmleri, sosyal medya hizmetleri ve i\u00e7erik y\u00f6netim sistemleri gibi geni\u015f bir yelpazede web tasar\u0131m ve dijital medya hizmetleri sunmaktad\u0131r.","og_url":"https:\/\/webrandizer.com\/tr\/yaklasimimiz\/","og_site_name":"Webrandizer TR","article_publisher":"https:\/\/facebook.com\/webrandizer","article_modified_time":"2024-08-04T16:42:27+00:00","og_image":[{"width":720,"height":377,"url":"http:\/\/webrandizer.com\/tr\/wp-content\/uploads\/sites\/2\/2024\/07\/webrandizer-hakkinda.png","type":"image\/png"}],"twitter_card":"summary_large_image","twitter_title":"Hakk\u0131m\u0131zda - Webrandizer","twitter_description":"Webrandizer, i\u015fini internete ta\u015f\u0131mak ve internetteki i\u015fini b\u00fcy\u00fctmek isteyenler i\u00e7in strateji belirleme, web sitesi tasar\u0131m\u0131, e-ticaret \u00e7\u00f6z\u00fcmleri, sosyal medya hizmetleri ve i\u00e7erik y\u00f6netim sistemleri gibi geni\u015f bir yelpazede web tasar\u0131m ve dijital medya hizmetleri sunmaktad\u0131r.","twitter_image":"https:\/\/i0.wp.com\/webrandizer.com\/tr\/wp-content\/uploads\/sites\/2\/2024\/07\/webrandizer-hakkinda.png?fit=720%2C377&ssl=1","twitter_site":"@webrandizer","twitter_misc":{"Tahmini okuma s\u00fcresi":"3 dakika"},"schema":{"@context":"https:\/\/schema.org","@graph":[{"@type":"WebPage","@id":"https:\/\/webrandizer.com\/tr\/yaklasimimiz\/","url":"https:\/\/webrandizer.com\/tr\/yaklasimimiz\/","name":"Yakla\u015f\u0131m\u0131m\u0131z &#8211; Webrandizer","isPartOf":{"@id":"https:\/\/webrandizer.com\/tr\/#website"},"primaryImageOfPage":{"@id":"https:\/\/webrandizer.com\/tr\/yaklasimimiz\/#primaryimage"},"image":{"@id":"https:\/\/webrandizer.com\/tr\/yaklasimimiz\/#primaryimage"},"thumbnailUrl":"https:\/\/i0.wp.com\/webrandizer.com\/tr\/wp-content\/uploads\/sites\/2\/2024\/07\/yaklasimimiz.png?fit=1000%2C1000&ssl=1","datePublished":"2020-11-25T16:57:08+00:00","dateModified":"2024-08-04T16:42:27+00:00","description":"Webrandizer, internet kullan\u0131c\u0131lar\u0131n\u0131n al\u0131\u015fkanl\u0131klar\u0131n\u0131 analiz ederek, edindi\u011fi bilgilerle markan\u0131z\u0131n \u00e7evrimi\u00e7i stratejisini olu\u015fturur.","breadcrumb":{"@id":"https:\/\/webrandizer.com\/tr\/yaklasimimiz\/#breadcrumb"},"inLanguage":"tr","potentialAction":[{"@type":"ReadAction","target":["https:\/\/webrandizer.com\/tr\/yaklasimimiz\/"]}]},{"@type":"ImageObject","inLanguage":"tr","@id":"https:\/\/webrandizer.com\/tr\/yaklasimimiz\/#primaryimage","url":"https:\/\/i0.wp.com\/webrandizer.com\/tr\/wp-content\/uploads\/sites\/2\/2024\/07\/yaklasimimiz.png?fit=1000%2C1000&ssl=1","contentUrl":"https:\/\/i0.wp.com\/webrandizer.com\/tr\/wp-content\/uploads\/sites\/2\/2024\/07\/yaklasimimiz.png?fit=1000%2C1000&ssl=1","width":1000,"height":1000,"caption":"H\u0131zla geli\u015fen internet d\u00fcnyas\u0131nda potansiyel m\u00fc\u015fterilerinize do\u011fru bir y\u00f6ntemle ula\u015fman\u0131z\u0131 sa\u011flamak i\u00e7in, internet kullan\u0131c\u0131lar\u0131n\u0131n al\u0131\u015fkanl\u0131klar\u0131n\u0131 analiz ederek, edindi\u011fimiz bilgilerle markan\u0131z\u0131n \u00e7evrimi\u00e7i stratejisini olu\u015ftururuz."},{"@type":"BreadcrumbList","@id":"https:\/\/webrandizer.com\/tr\/yaklasimimiz\/#breadcrumb","itemListElement":[{"@type":"ListItem","position":1,"name":"Webrandizer","item":"https:\/\/webrandizer.com\/tr\/"},{"@type":"ListItem","position":2,"name":"Yakla\u015f\u0131m\u0131m\u0131z"}]},{"@type":"WebSite","@id":"https:\/\/webrandizer.com\/tr\/#website","url":"https:\/\/webrandizer.com\/tr\/","name":"Webrandizer","description":"\u0130\u015finizi \u0130nternete Ta\u015f\u0131y\u0131n","publisher":{"@id":"https:\/\/webrandizer.com\/tr\/#organization"},"alternateName":"Webrandizer","potentialAction":[{"@type":"SearchAction","target":{"@type":"EntryPoint","urlTemplate":"https:\/\/webrandizer.com\/tr\/?s={search_term_string}"},"query-input":{"@type":"PropertyValueSpecification","valueRequired":true,"valueName":"search_term_string"}}],"inLanguage":"tr"},{"@type":"Organization","@id":"https:\/\/webrandizer.com\/tr\/#organization","name":"Webrandizer","alternateName":"Webrandizer","url":"https:\/\/webrandizer.com\/tr\/","logo":{"@type":"ImageObject","inLanguage":"tr","@id":"https:\/\/webrandizer.com\/tr\/#\/schema\/logo\/image\/","url":"https:\/\/webrandizer.com\/tr\/wp-content\/uploads\/sites\/2\/2021\/02\/webrandizer.svg","contentUrl":"https:\/\/webrandizer.com\/tr\/wp-content\/uploads\/sites\/2\/2021\/02\/webrandizer.svg","width":"1024","height":"1024","caption":"Webrandizer"},"image":{"@id":"https:\/\/webrandizer.com\/tr\/#\/schema\/logo\/image\/"},"sameAs":["https:\/\/facebook.com\/webrandizer","https:\/\/x.com\/webrandizer","https:\/\/instagram.com\/webrandizer","https:\/\/www.linkedin.com\/company\/webrandizer\/","https:\/\/www.pinterest.com\/webrandizer\/","https:\/\/www.youtube.com\/channel\/UCINH9gD6NyDa4iNUofNqhTQ","https:\/\/tr.wikipedia.org\/wiki\/Webrandizer"]}]}},"jetpack_sharing_enabled":true,"_links":{"self":[{"href":"https:\/\/webrandizer.com\/tr\/wp-json\/wp\/v2\/pages\/2","targetHints":{"allow":["GET"]}}],"collection":[{"href":"https:\/\/webrandizer.com\/tr\/wp-json\/wp\/v2\/pages"}],"about":[{"href":"https:\/\/webrandizer.com\/tr\/wp-json\/wp\/v2\/types\/page"}],"author":[{"embeddable":true,"href":"https:\/\/webrandizer.com\/tr\/wp-json\/wp\/v2\/users\/1"}],"replies":[{"embeddable":true,"href":"https:\/\/webrandizer.com\/tr\/wp-json\/wp\/v2\/comments?post=2"}],"version-history":[{"count":202,"href":"https:\/\/webrandizer.com\/tr\/wp-json\/wp\/v2\/pages\/2\/revisions"}],"predecessor-version":[{"id":2456,"href":"https:\/\/webrandizer.com\/tr\/wp-json\/wp\/v2\/pages\/2\/revisions\/2456"}],"wp:featuredmedia":[{"embeddable":true,"href":"https:\/\/webrandizer.com\/tr\/wp-json\/wp\/v2\/media\/2279"}],"wp:attachment":[{"href":"https:\/\/webrandizer.com\/tr\/wp-json\/wp\/v2\/media?parent=2"}],"curies":[{"name":"wp","href":"https:\/\/api.w.org\/{rel}","templated":true}]}}