{"id":552,"date":"2020-12-13T21:14:30","date_gmt":"2020-12-13T18:14:30","guid":{"rendered":"https:\/\/webrandizer.com\/tr\/?page_id=552"},"modified":"2024-08-05T15:33:17","modified_gmt":"2024-08-05T12:33:17","slug":"en-uygun-cozum","status":"publish","type":"page","link":"https:\/\/webrandizer.com\/tr\/en-uygun-cozum\/","title":{"rendered":"Size En Uygun \u00c7\u00f6z\u00fcm \u0130\u00e7in Teklifimiz Var"},"content":{"rendered":"\n<h2 class=\"wp-block-heading has-text-align-center\">\u0130htiyac\u0131n\u0131z\u0131 Biliyor Musunuz?<\/h2>\n\n\n\n<div style=\"height:10px\" aria-hidden=\"true\" class=\"wp-block-spacer\"><\/div>\n\n\n\n<p class=\"has-text-align-center has-medium-font-size\">\u00dcr\u00fcn veya hizmetlerinizi internet \u00fczerinden pazarlamak, daha \u00e7ok insana ula\u015fma f\u0131rsat\u0131 do\u011furur ancak, rekabet etmeniz gereken daha fazla rakibi de beraberinde getirir. Do\u011fru tan\u0131mlanamayan hedefler ve ihtiyac\u0131 kar\u015f\u0131lamayan varl\u0131klar ile harekete ge\u00e7erek rakipleriniz aras\u0131ndan s\u0131yr\u0131lamazs\u0131n\u0131z. \u0130htiya\u00e7lar\u0131n do\u011fru belirlenebilmesi, ger\u00e7ek\u00e7i bir sekt\u00f6r analizi, i\u015fletmenizi tan\u0131mlama ve benzersiz sat\u0131\u015f noktalar\u0131 olu\u015fturma gibi s\u00fcre\u00e7ler neticesinde ger\u00e7ekle\u015fir.<\/p>\n\n\n\n<hr class=\"wp-block-separator has-css-opacity my-5\"\/>\n\n\n\n<h2 class=\"wp-block-heading has-text-align-center\">Do\u011fru Sorular ve Cevaplar<\/h2>\n\n\n\n<div style=\"height:10px\" aria-hidden=\"true\" class=\"wp-block-spacer\"><\/div>\n\n\n\n<p class=\"has-text-align-center has-medium-font-size\">Teknik anlamda bir web sitesi kurmak her ge\u00e7en g\u00fcn kolayla\u015f\u0131rken, ihtiya\u00e7lara y\u00f6nelik ger\u00e7ek\u00e7i sorular sorabilmek ve bu sorulara cevap vermek ise zorla\u015f\u0131yor. Sizin de do\u011fru sorulara ve ger\u00e7ek\u00e7i cevaplara ihtiyac\u0131n\u0131z varsa, do\u011fru yerdesiniz.<\/p>\n\n\n\n<div style=\"height:30px\" aria-hidden=\"true\" class=\"wp-block-spacer\"><\/div>\n\n\n\n<div class=\"wp-block-columns is-layout-flex wp-container-core-columns-is-layout-9d6595d7 wp-block-columns-is-layout-flex\">\n<div class=\"wp-block-column is-vertically-aligned-center is-layout-flow wp-block-column-is-layout-flow\">\n<p class=\"has-text-align-center has-white-color has-text-color has-background has-link-color wp-elements-f293be26b9c413b888fb41ff946fc7df\" style=\"background-color:#f19f7f;font-size:18px\">Ma\u011fazan\u0131zdaki \u00fcr\u00fcnleri internetten satmaya karar verdiniz. Bir E-Ticaret sitesi mi a\u00e7mal\u0131s\u0131n\u0131z yoksa pazar yerlerini mi kullanmal\u0131s\u0131n\u0131z? Bir\u00e7ok sat\u0131c\u0131 sizin \u00fcr\u00fcn\u00fc ald\u0131\u011f\u0131n\u0131z fiyata satarken, onlarla nas\u0131l rekabet edeceksiniz?<\/p>\n<\/div>\n\n\n\n<div class=\"wp-block-column is-vertically-aligned-center is-layout-flow wp-block-column-is-layout-flow\">\n<figure class=\"wp-block-image size-full\"><img data-recalc-dims=\"1\" loading=\"lazy\" decoding=\"async\" width=\"972\" height=\"1041\" src=\"https:\/\/i0.wp.com\/webrandizer.com\/tr\/wp-content\/uploads\/sites\/2\/2024\/08\/sorular.png?resize=972%2C1041&#038;ssl=1\" alt=\"Teknik anlamda bir web sitesi kurmak her ge\u00e7en g\u00fcn kolayla\u015f\u0131rken, ihtiya\u00e7lara y\u00f6nelik ger\u00e7ek\u00e7i sorular sorabilmek ve bu sorulara cevap vermek ise zorla\u015f\u0131yor. Sizin de do\u011fru sorulara ve ger\u00e7ek\u00e7i cevaplara ihtiyac\u0131n\u0131z varsa, do\u011fru yerdesiniz.\" class=\"wp-image-2367\" srcset=\"https:\/\/i0.wp.com\/webrandizer.com\/tr\/wp-content\/uploads\/sites\/2\/2024\/08\/sorular.png?w=972&amp;ssl=1 972w, https:\/\/i0.wp.com\/webrandizer.com\/tr\/wp-content\/uploads\/sites\/2\/2024\/08\/sorular.png?resize=280%2C300&amp;ssl=1 280w, https:\/\/i0.wp.com\/webrandizer.com\/tr\/wp-content\/uploads\/sites\/2\/2024\/08\/sorular.png?resize=956%2C1024&amp;ssl=1 956w, https:\/\/i0.wp.com\/webrandizer.com\/tr\/wp-content\/uploads\/sites\/2\/2024\/08\/sorular.png?resize=768%2C823&amp;ssl=1 768w\" sizes=\"auto, (max-width: 972px) 100vw, 972px\" \/><\/figure>\n<\/div>\n\n\n\n<div class=\"wp-block-column is-vertically-aligned-bottom is-layout-flow wp-block-column-is-layout-flow\">\n<p class=\"has-text-align-center has-white-color has-text-color has-background has-link-color wp-elements-507ac36faf0b49875560bfb032c39f84\" style=\"background-color:#3f3d56;font-size:18px\">Markan\u0131z\u0131 yans\u0131tan kurumsal bir web sitesi istiyorsunuz. Peki bu web sitesi hedef kitlenize nas\u0131l bir katk\u0131 sunacak? Kitleniz bu web sitesinden nas\u0131l haberdar olacak ve neden ziyaret edecek?<\/p>\n\n\n\n<p class=\"has-text-align-center has-white-color has-text-color has-background has-link-color wp-elements-491928eedaa4d7fa7585780db6afbc1f\" style=\"background-color:#884465;font-size:18px\">Sosyal medya \u00fczerinden kaliteli payla\u015f\u0131mlar yap\u0131yorsunuz. Yine de, insanlara ula\u015fmak i\u00e7in algoritman\u0131n nas\u0131l i\u015fledi\u011fini \u00e7\u00f6zemiyor musunuz? <\/p>\n<\/div>\n<\/div>\n\n\n\n<hr class=\"wp-block-separator has-css-opacity my-5\"\/>\n\n\n\n<h2 class=\"wp-block-heading has-text-align-center my-4\">\u0130htiyac\u0131n\u0131za En Uygun Teklif \u0130\u00e7in Bize Ula\u015f\u0131n<\/h2>\n\n\n\n<div style=\"height:10px\" aria-hidden=\"true\" class=\"wp-block-spacer\"><\/div>\n\n\n\n<p class=\"has-text-align-center has-medium-font-size\">Webrandizer olarak hizmetlerimizi, <a href=\"https:\/\/webrandizer.com\/tr\/cevrimici-strateji-belirleme\/\">Strateji Belirleme<\/a>, <a href=\"https:\/\/webrandizer.com\/tr\/web-tasarim\/\">Web Tasar\u0131m<\/a> ve <a href=\"https:\/\/webrandizer.com\/tr\/cevrimici-varlik-yonetimi\/\">Varl\u0131k Y\u00f6netimi<\/a> olarak \u00fc\u00e7 ba\u015fl\u0131kta sunuyoruz. Bununla beraber, bu ba\u015fl\u0131klar\u0131n internet d\u00fcnyas\u0131nda birbiri ile yo\u011fun etkile\u015fim i\u00e7erisinde oldu\u011funun ve bu etkile\u015fimin karma\u015f\u0131kl\u0131\u011f\u0131na kap\u0131lan markalar\u0131n ihtiya\u00e7lar\u0131n\u0131 belirlemekte zorland\u0131\u011f\u0131n\u0131n fark\u0131nday\u0131z. <\/p>\n\n\n\n<p style=\"font-size:2px\"><\/p>\n\n\n\n<p class=\"has-text-align-center has-medium-font-size\">\u0130\u015fini internete ta\u015f\u0131mak ve internetteki i\u015fini b\u00fcy\u00fctmek isteyenlere yard\u0131mc\u0131 olmak misyonumuz \u00e7er\u00e7evesinde, <em>&#8220;neye ihtiyac\u0131n\u0131z var?&#8221;<\/em> sorusunu yan\u0131tlaman\u0131za yard\u0131mc\u0131 olabiliriz. A\u015fa\u011f\u0131daki ileti\u015fim formunu doldurarak bizimle ileti\u015fime ge\u00e7in. B\u0131rakt\u0131\u011f\u0131n\u0131z ileti\u015fim adreslerinden size k\u0131sa zamanda ula\u015f\u0131p detayl\u0131 bilgi isteyecek, sekt\u00f6r\u00fcn\u00fcz\u00fc analiz ederek ihtiya\u00e7lar\u0131n\u0131z\u0131 belirleyecek ve ihtiya\u00e7lar\u0131n\u0131z\u0131 kar\u015f\u0131layan teklifimizi markan\u0131za \u00f6zel benzersiz bir sunumla iletece\u011fiz.<\/p>\n\n\n\n<div class=\"wp-block-columns is-layout-flex wp-container-core-columns-is-layout-9d6595d7 wp-block-columns-is-layout-flex\">\n<div class=\"wp-block-column is-vertically-aligned-center is-layout-flow wp-block-column-is-layout-flow\">\n<figure class=\"wp-block-image size-large\"><img decoding=\"async\" src=\"https:\/\/webrandizer.com\/tr\/wp-content\/themes\/webrandizer_tr\/resimler\/webrandizer-teklif-al.svg\" alt=\"\u0130\u015fini internete ta\u015f\u0131mak ve internetteki i\u015fini b\u00fcy\u00fctmek isteyenlere yard\u0131mc\u0131 olmak misyonumuz \u00e7er\u00e7evesinde, &quot;neye ihtiyac\u0131n\u0131z var?&quot; sorusunu yan\u0131tlaman\u0131za yard\u0131mc\u0131 olabiliriz. \"\/><\/figure>\n<\/div>\n\n\n\n<div class=\"wp-block-column is-layout-flow wp-block-column-is-layout-flow\">\n<div class=\"wp-block-contact-form-7-contact-form-selector\">\n<div class=\"wpcf7 no-js\" id=\"wpcf7-f865-o1\" lang=\"tr-TR\" dir=\"ltr\" data-wpcf7-id=\"865\">\n<div class=\"screen-reader-response\"><p role=\"status\" aria-live=\"polite\" aria-atomic=\"true\"><\/p> <ul><\/ul><\/div>\n<form action=\"\/tr\/wp-json\/wp\/v2\/pages\/552#wpcf7-f865-o1\" method=\"post\" class=\"wpcf7-form init\" aria-label=\"\u0130leti\u015fim Formu\" novalidate=\"novalidate\" data-status=\"init\">\n<fieldset class=\"hidden-fields-container\"><input type=\"hidden\" name=\"_wpcf7\" value=\"865\" \/><input type=\"hidden\" name=\"_wpcf7_version\" value=\"6.1.5\" \/><input type=\"hidden\" name=\"_wpcf7_locale\" value=\"tr_TR\" \/><input type=\"hidden\" name=\"_wpcf7_unit_tag\" value=\"wpcf7-f865-o1\" \/><input type=\"hidden\" name=\"_wpcf7_container_post\" value=\"0\" \/><input type=\"hidden\" name=\"_wpcf7_posted_data_hash\" value=\"\" \/>\n<\/fieldset>\n<p><label><br \/>\n<span class=\"wpcf7-form-control-wrap\" data-name=\"your-name\"><input size=\"40\" maxlength=\"400\" class=\"wpcf7-form-control wpcf7-text wpcf7-validates-as-required\" aria-required=\"true\" aria-invalid=\"false\" placeholder=\"Ad\u0131n\u0131z-Soyad\u0131n\u0131z\" value=\"\" type=\"text\" name=\"your-name\" \/><\/span> <\/label>\n<\/p>\n<p><label><br \/>\n<span class=\"wpcf7-form-control-wrap\" data-name=\"text-206\"><input size=\"40\" maxlength=\"400\" class=\"wpcf7-form-control wpcf7-text\" aria-invalid=\"false\" placeholder=\"Firman\u0131z\" value=\"\" type=\"text\" name=\"text-206\" \/><\/span><\/label>\n<\/p>\n<p><label><br \/>\n<span class=\"wpcf7-form-control-wrap\" data-name=\"your-email\"><input size=\"40\" maxlength=\"400\" class=\"wpcf7-form-control wpcf7-email wpcf7-validates-as-required wpcf7-text wpcf7-validates-as-email\" aria-required=\"true\" aria-invalid=\"false\" placeholder=\"E-Posta Adresiniz\" value=\"\" type=\"email\" name=\"your-email\" \/><\/span> <\/label>\n<\/p>\n<p><label><br \/>\n<span class=\"wpcf7-form-control-wrap\" data-name=\"tel-552\"><input size=\"40\" maxlength=\"400\" class=\"wpcf7-form-control wpcf7-tel wpcf7-validates-as-required wpcf7-text wpcf7-validates-as-tel\" aria-required=\"true\" aria-invalid=\"false\" placeholder=\"Telefon Numaran\u0131z\" value=\"\" type=\"tel\" name=\"tel-552\" \/><\/span><\/label>\n<\/p>\n<p><label><br \/>\n<span class=\"wpcf7-form-control-wrap\" data-name=\"your-subject\"><input size=\"40\" maxlength=\"400\" class=\"wpcf7-form-control wpcf7-text wpcf7-validates-as-required\" aria-required=\"true\" aria-invalid=\"false\" placeholder=\"Konu\" value=\"\" type=\"text\" name=\"your-subject\" \/><\/span> <\/label>\n<\/p>\n<p><label><br \/>\n<span class=\"wpcf7-form-control-wrap\" data-name=\"your-message\"><textarea cols=\"40\" rows=\"10\" maxlength=\"2000\" class=\"wpcf7-form-control wpcf7-textarea\" aria-invalid=\"false\" placeholder=\"\u0130letiniz\" name=\"your-message\"><\/textarea><\/span> <\/label>\n<\/p>\n<p><input class=\"wpcf7-form-control wpcf7-submit has-spinner\" type=\"submit\" value=\"G\u00f6nder\" \/>\n<\/p><div class=\"wpcf7-response-output\" aria-hidden=\"true\"><\/div>\n<\/form>\n<\/div>\n<\/div>\n<\/div>\n<\/div>\n","protected":false},"excerpt":{"rendered":"<p>\u0130htiyac\u0131n\u0131z\u0131 Biliyor Musunuz? \u00dcr\u00fcn veya hizmetlerinizi internet \u00fczerinden pazarlamak, daha \u00e7ok insana ula\u015fma f\u0131rsat\u0131 do\u011furur ancak, rekabet etmeniz gereken daha fazla rakibi de beraberinde getirir. Do\u011fru tan\u0131mlanamayan hedefler ve ihtiyac\u0131 kar\u015f\u0131lamayan varl\u0131klar ile harekete ge\u00e7erek rakipleriniz aras\u0131ndan s\u0131yr\u0131lamazs\u0131n\u0131z. \u0130htiya\u00e7lar\u0131n do\u011fru belirlenebilmesi, ger\u00e7ek\u00e7i bir sekt\u00f6r analizi, i\u015fletmenizi tan\u0131mlama ve benzersiz sat\u0131\u015f noktalar\u0131 olu\u015fturma gibi s\u00fcre\u00e7ler neticesinde [&hellip;]<\/p>\n","protected":false},"author":1,"featured_media":2383,"parent":0,"menu_order":0,"comment_status":"closed","ping_status":"closed","template":"","meta":{"inline_featured_image":false,"footnotes":""},"class_list":["post-552","page","type-page","status-publish","has-post-thumbnail","hentry"],"yoast_head":"<!-- This site is optimized with the Yoast SEO plugin v27.4 - https:\/\/yoast.com\/product\/yoast-seo-wordpress\/ -->\n<title>Size En Uygun \u00c7\u00f6z\u00fcm! &#8211; Webrandizer<\/title>\n<meta name=\"description\" content=\"\u0130\u015fini internete ta\u015f\u0131mak ya da internetteki i\u015fini b\u00fcy\u00fctmek isteyenler i\u00e7in \u201cneye ihtiyac\u0131n\u0131z var?\u201d sorusuna yan\u0131t buluyoruz.\" \/>\n<meta name=\"robots\" content=\"index, follow, max-snippet:-1, max-image-preview:large, max-video-preview:-1\" \/>\n<link rel=\"canonical\" href=\"https:\/\/webrandizer.com\/tr\/en-uygun-cozum\/\" \/>\n<meta property=\"og:locale\" content=\"tr_TR\" \/>\n<meta property=\"og:type\" content=\"article\" \/>\n<meta property=\"og:title\" content=\"Size En Uygun \u00c7\u00f6z\u00fcm! \u2013 Webrandizer\" \/>\n<meta property=\"og:description\" content=\"\u0130\u015fini internete ta\u015f\u0131mak ya da internetteki i\u015fini b\u00fcy\u00fctmek isteyenler i\u00e7in \u201cneye ihtiyac\u0131n\u0131z var?\u201d sorusuna yan\u0131t buluyoruz.\" \/>\n<meta property=\"og:url\" content=\"https:\/\/webrandizer.com\/tr\/en-uygun-cozum\/\" \/>\n<meta property=\"og:site_name\" content=\"Webrandizer TR\" \/>\n<meta property=\"article:publisher\" content=\"https:\/\/facebook.com\/webrandizer\" \/>\n<meta property=\"article:modified_time\" content=\"2024-08-05T12:33:17+00:00\" \/>\n<meta property=\"og:image\" content=\"http:\/\/webrandizer.com\/tr\/wp-content\/uploads\/sites\/2\/2024\/08\/size-en-uygun-cozum.png\" \/>\n\t<meta property=\"og:image:width\" content=\"1500\" \/>\n\t<meta property=\"og:image:height\" content=\"786\" \/>\n\t<meta property=\"og:image:type\" content=\"image\/png\" \/>\n<meta name=\"twitter:card\" content=\"summary_large_image\" \/>\n<meta name=\"twitter:title\" content=\"Size En Uygun \u00c7\u00f6z\u00fcm! \u2013 Webrandizer\" \/>\n<meta name=\"twitter:description\" content=\"\u0130\u015fini internete ta\u015f\u0131mak ya da internetteki i\u015fini b\u00fcy\u00fctmek isteyenler i\u00e7in \u201cneye ihtiyac\u0131n\u0131z var?\u201d sorusuna yan\u0131t buluyoruz.\" \/>\n<meta name=\"twitter:image\" content=\"https:\/\/i0.wp.com\/webrandizer.com\/tr\/wp-content\/uploads\/sites\/2\/2024\/08\/size-en-uygun-cozum.png?fit=1500%2C786&ssl=1\" \/>\n<meta name=\"twitter:site\" content=\"@webrandizer\" \/>\n<meta name=\"twitter:label1\" content=\"Tahmini okuma s\u00fcresi\" \/>\n\t<meta name=\"twitter:data1\" content=\"3 dakika\" \/>\n<script type=\"application\/ld+json\" class=\"yoast-schema-graph\">{\"@context\":\"https:\\\/\\\/schema.org\",\"@graph\":[{\"@type\":\"WebPage\",\"@id\":\"https:\\\/\\\/webrandizer.com\\\/tr\\\/en-uygun-cozum\\\/\",\"url\":\"https:\\\/\\\/webrandizer.com\\\/tr\\\/en-uygun-cozum\\\/\",\"name\":\"Size En Uygun \u00c7\u00f6z\u00fcm! &#8211; Webrandizer\",\"isPartOf\":{\"@id\":\"https:\\\/\\\/webrandizer.com\\\/tr\\\/#website\"},\"primaryImageOfPage\":{\"@id\":\"https:\\\/\\\/webrandizer.com\\\/tr\\\/en-uygun-cozum\\\/#primaryimage\"},\"image\":{\"@id\":\"https:\\\/\\\/webrandizer.com\\\/tr\\\/en-uygun-cozum\\\/#primaryimage\"},\"thumbnailUrl\":\"https:\\\/\\\/i0.wp.com\\\/webrandizer.com\\\/tr\\\/wp-content\\\/uploads\\\/sites\\\/2\\\/2024\\\/08\\\/cozum-webrandizer.png?fit=2084%2C2084&ssl=1\",\"datePublished\":\"2020-12-13T18:14:30+00:00\",\"dateModified\":\"2024-08-05T12:33:17+00:00\",\"description\":\"\u0130\u015fini internete ta\u015f\u0131mak ya da internetteki i\u015fini b\u00fcy\u00fctmek isteyenler i\u00e7in \u201cneye ihtiyac\u0131n\u0131z var?\u201d sorusuna yan\u0131t buluyoruz.\",\"breadcrumb\":{\"@id\":\"https:\\\/\\\/webrandizer.com\\\/tr\\\/en-uygun-cozum\\\/#breadcrumb\"},\"inLanguage\":\"tr\",\"potentialAction\":[{\"@type\":\"ReadAction\",\"target\":[\"https:\\\/\\\/webrandizer.com\\\/tr\\\/en-uygun-cozum\\\/\"]}]},{\"@type\":\"ImageObject\",\"inLanguage\":\"tr\",\"@id\":\"https:\\\/\\\/webrandizer.com\\\/tr\\\/en-uygun-cozum\\\/#primaryimage\",\"url\":\"https:\\\/\\\/i0.wp.com\\\/webrandizer.com\\\/tr\\\/wp-content\\\/uploads\\\/sites\\\/2\\\/2024\\\/08\\\/cozum-webrandizer.png?fit=2084%2C2084&ssl=1\",\"contentUrl\":\"https:\\\/\\\/i0.wp.com\\\/webrandizer.com\\\/tr\\\/wp-content\\\/uploads\\\/sites\\\/2\\\/2024\\\/08\\\/cozum-webrandizer.png?fit=2084%2C2084&ssl=1\",\"width\":2084,\"height\":2084,\"caption\":\"\u0130\u015fini internete ta\u015f\u0131mak ya da internetteki i\u015fini b\u00fcy\u00fctmek isteyenler i\u00e7in \u201cneye ihtiyac\u0131n\u0131z var?\u201d sorusuna yan\u0131t buluyoruz.\"},{\"@type\":\"BreadcrumbList\",\"@id\":\"https:\\\/\\\/webrandizer.com\\\/tr\\\/en-uygun-cozum\\\/#breadcrumb\",\"itemListElement\":[{\"@type\":\"ListItem\",\"position\":1,\"name\":\"Webrandizer\",\"item\":\"https:\\\/\\\/webrandizer.com\\\/tr\\\/\"},{\"@type\":\"ListItem\",\"position\":2,\"name\":\"Size En Uygun \u00c7\u00f6z\u00fcm \u0130\u00e7in Teklifimiz Var\"}]},{\"@type\":\"WebSite\",\"@id\":\"https:\\\/\\\/webrandizer.com\\\/tr\\\/#website\",\"url\":\"https:\\\/\\\/webrandizer.com\\\/tr\\\/\",\"name\":\"Webrandizer\",\"description\":\"\u0130\u015finizi \u0130nternete Ta\u015f\u0131y\u0131n\",\"publisher\":{\"@id\":\"https:\\\/\\\/webrandizer.com\\\/tr\\\/#organization\"},\"alternateName\":\"Webrandizer\",\"potentialAction\":[{\"@type\":\"SearchAction\",\"target\":{\"@type\":\"EntryPoint\",\"urlTemplate\":\"https:\\\/\\\/webrandizer.com\\\/tr\\\/?s={search_term_string}\"},\"query-input\":{\"@type\":\"PropertyValueSpecification\",\"valueRequired\":true,\"valueName\":\"search_term_string\"}}],\"inLanguage\":\"tr\"},{\"@type\":\"Organization\",\"@id\":\"https:\\\/\\\/webrandizer.com\\\/tr\\\/#organization\",\"name\":\"Webrandizer\",\"alternateName\":\"Webrandizer\",\"url\":\"https:\\\/\\\/webrandizer.com\\\/tr\\\/\",\"logo\":{\"@type\":\"ImageObject\",\"inLanguage\":\"tr\",\"@id\":\"https:\\\/\\\/webrandizer.com\\\/tr\\\/#\\\/schema\\\/logo\\\/image\\\/\",\"url\":\"https:\\\/\\\/webrandizer.com\\\/tr\\\/wp-content\\\/uploads\\\/sites\\\/2\\\/2021\\\/02\\\/webrandizer.svg\",\"contentUrl\":\"https:\\\/\\\/webrandizer.com\\\/tr\\\/wp-content\\\/uploads\\\/sites\\\/2\\\/2021\\\/02\\\/webrandizer.svg\",\"width\":\"1024\",\"height\":\"1024\",\"caption\":\"Webrandizer\"},\"image\":{\"@id\":\"https:\\\/\\\/webrandizer.com\\\/tr\\\/#\\\/schema\\\/logo\\\/image\\\/\"},\"sameAs\":[\"https:\\\/\\\/facebook.com\\\/webrandizer\",\"https:\\\/\\\/x.com\\\/webrandizer\",\"https:\\\/\\\/instagram.com\\\/webrandizer\",\"https:\\\/\\\/www.linkedin.com\\\/company\\\/webrandizer\\\/\",\"https:\\\/\\\/www.pinterest.com\\\/webrandizer\\\/\",\"https:\\\/\\\/www.youtube.com\\\/channel\\\/UCINH9gD6NyDa4iNUofNqhTQ\",\"https:\\\/\\\/tr.wikipedia.org\\\/wiki\\\/Webrandizer\"]}]}<\/script>\n<!-- \/ Yoast SEO plugin. -->","yoast_head_json":{"title":"Size En Uygun \u00c7\u00f6z\u00fcm! &#8211; Webrandizer","description":"\u0130\u015fini internete ta\u015f\u0131mak ya da internetteki i\u015fini b\u00fcy\u00fctmek isteyenler i\u00e7in \u201cneye ihtiyac\u0131n\u0131z var?\u201d sorusuna yan\u0131t buluyoruz.","robots":{"index":"index","follow":"follow","max-snippet":"max-snippet:-1","max-image-preview":"max-image-preview:large","max-video-preview":"max-video-preview:-1"},"canonical":"https:\/\/webrandizer.com\/tr\/en-uygun-cozum\/","og_locale":"tr_TR","og_type":"article","og_title":"Size En Uygun \u00c7\u00f6z\u00fcm! \u2013 Webrandizer","og_description":"\u0130\u015fini internete ta\u015f\u0131mak ya da internetteki i\u015fini b\u00fcy\u00fctmek isteyenler i\u00e7in \u201cneye ihtiyac\u0131n\u0131z var?\u201d sorusuna yan\u0131t buluyoruz.","og_url":"https:\/\/webrandizer.com\/tr\/en-uygun-cozum\/","og_site_name":"Webrandizer TR","article_publisher":"https:\/\/facebook.com\/webrandizer","article_modified_time":"2024-08-05T12:33:17+00:00","og_image":[{"width":1500,"height":786,"url":"http:\/\/webrandizer.com\/tr\/wp-content\/uploads\/sites\/2\/2024\/08\/size-en-uygun-cozum.png","type":"image\/png"}],"twitter_card":"summary_large_image","twitter_title":"Size En Uygun \u00c7\u00f6z\u00fcm! \u2013 Webrandizer","twitter_description":"\u0130\u015fini internete ta\u015f\u0131mak ya da internetteki i\u015fini b\u00fcy\u00fctmek isteyenler i\u00e7in \u201cneye ihtiyac\u0131n\u0131z var?\u201d sorusuna yan\u0131t buluyoruz.","twitter_image":"https:\/\/i0.wp.com\/webrandizer.com\/tr\/wp-content\/uploads\/sites\/2\/2024\/08\/size-en-uygun-cozum.png?fit=1500%2C786&ssl=1","twitter_site":"@webrandizer","twitter_misc":{"Tahmini okuma s\u00fcresi":"3 dakika"},"schema":{"@context":"https:\/\/schema.org","@graph":[{"@type":"WebPage","@id":"https:\/\/webrandizer.com\/tr\/en-uygun-cozum\/","url":"https:\/\/webrandizer.com\/tr\/en-uygun-cozum\/","name":"Size En Uygun \u00c7\u00f6z\u00fcm! &#8211; Webrandizer","isPartOf":{"@id":"https:\/\/webrandizer.com\/tr\/#website"},"primaryImageOfPage":{"@id":"https:\/\/webrandizer.com\/tr\/en-uygun-cozum\/#primaryimage"},"image":{"@id":"https:\/\/webrandizer.com\/tr\/en-uygun-cozum\/#primaryimage"},"thumbnailUrl":"https:\/\/i0.wp.com\/webrandizer.com\/tr\/wp-content\/uploads\/sites\/2\/2024\/08\/cozum-webrandizer.png?fit=2084%2C2084&ssl=1","datePublished":"2020-12-13T18:14:30+00:00","dateModified":"2024-08-05T12:33:17+00:00","description":"\u0130\u015fini internete ta\u015f\u0131mak ya da internetteki i\u015fini b\u00fcy\u00fctmek isteyenler i\u00e7in \u201cneye ihtiyac\u0131n\u0131z var?\u201d sorusuna yan\u0131t buluyoruz.","breadcrumb":{"@id":"https:\/\/webrandizer.com\/tr\/en-uygun-cozum\/#breadcrumb"},"inLanguage":"tr","potentialAction":[{"@type":"ReadAction","target":["https:\/\/webrandizer.com\/tr\/en-uygun-cozum\/"]}]},{"@type":"ImageObject","inLanguage":"tr","@id":"https:\/\/webrandizer.com\/tr\/en-uygun-cozum\/#primaryimage","url":"https:\/\/i0.wp.com\/webrandizer.com\/tr\/wp-content\/uploads\/sites\/2\/2024\/08\/cozum-webrandizer.png?fit=2084%2C2084&ssl=1","contentUrl":"https:\/\/i0.wp.com\/webrandizer.com\/tr\/wp-content\/uploads\/sites\/2\/2024\/08\/cozum-webrandizer.png?fit=2084%2C2084&ssl=1","width":2084,"height":2084,"caption":"\u0130\u015fini internete ta\u015f\u0131mak ya da internetteki i\u015fini b\u00fcy\u00fctmek isteyenler i\u00e7in \u201cneye ihtiyac\u0131n\u0131z var?\u201d sorusuna yan\u0131t buluyoruz."},{"@type":"BreadcrumbList","@id":"https:\/\/webrandizer.com\/tr\/en-uygun-cozum\/#breadcrumb","itemListElement":[{"@type":"ListItem","position":1,"name":"Webrandizer","item":"https:\/\/webrandizer.com\/tr\/"},{"@type":"ListItem","position":2,"name":"Size En Uygun \u00c7\u00f6z\u00fcm \u0130\u00e7in Teklifimiz Var"}]},{"@type":"WebSite","@id":"https:\/\/webrandizer.com\/tr\/#website","url":"https:\/\/webrandizer.com\/tr\/","name":"Webrandizer","description":"\u0130\u015finizi \u0130nternete Ta\u015f\u0131y\u0131n","publisher":{"@id":"https:\/\/webrandizer.com\/tr\/#organization"},"alternateName":"Webrandizer","potentialAction":[{"@type":"SearchAction","target":{"@type":"EntryPoint","urlTemplate":"https:\/\/webrandizer.com\/tr\/?s={search_term_string}"},"query-input":{"@type":"PropertyValueSpecification","valueRequired":true,"valueName":"search_term_string"}}],"inLanguage":"tr"},{"@type":"Organization","@id":"https:\/\/webrandizer.com\/tr\/#organization","name":"Webrandizer","alternateName":"Webrandizer","url":"https:\/\/webrandizer.com\/tr\/","logo":{"@type":"ImageObject","inLanguage":"tr","@id":"https:\/\/webrandizer.com\/tr\/#\/schema\/logo\/image\/","url":"https:\/\/webrandizer.com\/tr\/wp-content\/uploads\/sites\/2\/2021\/02\/webrandizer.svg","contentUrl":"https:\/\/webrandizer.com\/tr\/wp-content\/uploads\/sites\/2\/2021\/02\/webrandizer.svg","width":"1024","height":"1024","caption":"Webrandizer"},"image":{"@id":"https:\/\/webrandizer.com\/tr\/#\/schema\/logo\/image\/"},"sameAs":["https:\/\/facebook.com\/webrandizer","https:\/\/x.com\/webrandizer","https:\/\/instagram.com\/webrandizer","https:\/\/www.linkedin.com\/company\/webrandizer\/","https:\/\/www.pinterest.com\/webrandizer\/","https:\/\/www.youtube.com\/channel\/UCINH9gD6NyDa4iNUofNqhTQ","https:\/\/tr.wikipedia.org\/wiki\/Webrandizer"]}]}},"jetpack_sharing_enabled":true,"_links":{"self":[{"href":"https:\/\/webrandizer.com\/tr\/wp-json\/wp\/v2\/pages\/552","targetHints":{"allow":["GET"]}}],"collection":[{"href":"https:\/\/webrandizer.com\/tr\/wp-json\/wp\/v2\/pages"}],"about":[{"href":"https:\/\/webrandizer.com\/tr\/wp-json\/wp\/v2\/types\/page"}],"author":[{"embeddable":true,"href":"https:\/\/webrandizer.com\/tr\/wp-json\/wp\/v2\/users\/1"}],"replies":[{"embeddable":true,"href":"https:\/\/webrandizer.com\/tr\/wp-json\/wp\/v2\/comments?post=552"}],"version-history":[{"count":202,"href":"https:\/\/webrandizer.com\/tr\/wp-json\/wp\/v2\/pages\/552\/revisions"}],"predecessor-version":[{"id":2458,"href":"https:\/\/webrandizer.com\/tr\/wp-json\/wp\/v2\/pages\/552\/revisions\/2458"}],"wp:featuredmedia":[{"embeddable":true,"href":"https:\/\/webrandizer.com\/tr\/wp-json\/wp\/v2\/media\/2383"}],"wp:attachment":[{"href":"https:\/\/webrandizer.com\/tr\/wp-json\/wp\/v2\/media?parent=552"}],"curies":[{"name":"wp","href":"https:\/\/api.w.org\/{rel}","templated":true}]}}